{"id":11,"date":"2017-07-03T11:45:35","date_gmt":"2017-07-03T04:45:35","guid":{"rendered":"https:\/\/www.tmcrack.vn\/vn\/?page_id=11"},"modified":"2023-04-04T17:20:26","modified_gmt":"2023-04-04T10:20:26","slug":"de-nghi-bao-gia","status":"publish","type":"page","link":"https:\/\/www.tmcrack.vn\/vn\/de-nghi-bao-gia\/","title":{"rendered":"\u0110\u1ec1 ngh\u1ecb b\u00e1o gi\u00e1"},"content":{"rendered":"\n\t<section class=\"section dark\" id=\"section_229396068\">\n\t\t<div class=\"bg section-bg fill bg-fill  \" >\n\n\t\t\t\n\t\t\t\n\t\t\t\n\n\t\t<\/div>\n\n\t\t<div class=\"section-content relative\">\n\t\t\t\n\n\t<div id=\"gap-1385128499\" class=\"gap-element clearfix\" style=\"display:block; height:auto;\">\n\t\t\n<style>\n#gap-1385128499 {\n  padding-top: 30px;\n}\n<\/style>\n\t<\/div>\n\t\n\n<div class=\"row\"  id=\"row-1944208518\">\n\n\n\t<div id=\"col-741374670\" class=\"col small-12 large-12\"  >\n\t\t\t\t<div class=\"col-inner\"  >\n\t\t\t\n\t\t\t\n\n  <div id=\"page-header-938557729\" class=\"page-header-wrapper\">\n  <div class=\"page-title dark simple-title\">\n\n    \n    <div class=\"page-title-inner container align-center text-center flex-row-col medium-flex-wrap\" >\n              <div class=\"title-wrapper flex-col\">\n          <h1 class=\"entry-title mb-0\">\n            \u0110\u1ec1 ngh\u1ecb b\u00e1o gi\u00e1          <\/h1>\n        <\/div>\n                    <div class=\"title-content flex-col\">\n        <div class=\"title-breadcrumbs pb-half pt-half\"><nav class=\"woocommerce-breadcrumb breadcrumbs uppercase\">Trang ch\u1ee7<\/nav><\/div>      <\/div>\n    <\/div>\n\n       <\/div>\n    <\/div>\n  \n\n\n\t\t<\/div>\n\t\t\t\t\t<\/div>\n\n\t\n\n<\/div>\n\n\t\t<\/div>\n\n\t\t\n<style>\n#section_229396068 {\n  padding-top: 0px;\n  padding-bottom: 0px;\n  background-color: rgb(17, 174, 237);\n}\n#section_229396068 .section-bg.bg-loaded {\n  background-image: url(https:\/\/www.tmcrack.vn\/vn\/wp-content\/uploads\/2023\/03\/poly.png);\n}\n<\/style>\n\t<\/section>\n\t\n<div class=\"row\"  id=\"row-987589953\">\n\n\n\t<div id=\"col-318589804\" class=\"col medium-6 small-12 large-6\"  >\n\t\t\t\t<div class=\"col-inner\"  >\n\t\t\t\n\t\t\t\n\n\n\t\t<div class=\"icon-box featured-box icon-box-left text-left\"  >\n\t\t\t\t\t<div class=\"icon-box-img\" style=\"width: 50px\">\n\t\t\t\t<div class=\"icon\">\n\t\t\t\t\t<div class=\"icon-inner\" style=\"color:rgb(17, 174, 237);\">\n\t\t\t\t\t\t<?xml version=\"1.0\" encoding=\"iso-8859-1\"?>\r\n<!-- Generator: Adobe Illustrator 16.0.0, SVG Export Plug-In . SVG Version: 6.00 Build 0)  -->\r\n<!DOCTYPE svg PUBLIC \"-\/\/W3C\/\/DTD SVG 1.1\/\/EN\" \"http:\/\/www.w3.org\/Graphics\/SVG\/1.1\/DTD\/svg11.dtd\">\r\n<svg version=\"1.1\" id=\"Capa_1\" xmlns=\"http:\/\/www.w3.org\/2000\/svg\" xmlns:xlink=\"http:\/\/www.w3.org\/1999\/xlink\" x=\"0px\" y=\"0px\"\r\n\t width=\"460.298px\" height=\"460.297px\" viewBox=\"0 0 460.298 460.297\" style=\"enable-background:new 0 0 460.298 460.297;\"\r\n\t xml:space=\"preserve\">\r\n<g>\r\n\t<g>\r\n\t\t<path d=\"M230.149,120.939L65.986,256.274c0,0.191-0.048,0.472-0.144,0.855c-0.094,0.38-0.144,0.656-0.144,0.852v137.041\r\n\t\t\tc0,4.948,1.809,9.236,5.426,12.847c3.616,3.613,7.898,5.431,12.847,5.431h109.63V303.664h73.097v109.64h109.629\r\n\t\t\tc4.948,0,9.236-1.814,12.847-5.435c3.617-3.607,5.432-7.898,5.432-12.847V257.981c0-0.76-0.104-1.334-0.288-1.707L230.149,120.939\r\n\t\t\tz\"\/>\r\n\t\t<path d=\"M457.122,225.438L394.6,173.476V56.989c0-2.663-0.856-4.853-2.574-6.567c-1.704-1.712-3.894-2.568-6.563-2.568h-54.816\r\n\t\t\tc-2.666,0-4.855,0.856-6.57,2.568c-1.711,1.714-2.566,3.905-2.566,6.567v55.673l-69.662-58.245\r\n\t\t\tc-6.084-4.949-13.318-7.423-21.694-7.423c-8.375,0-15.608,2.474-21.698,7.423L3.172,225.438c-1.903,1.52-2.946,3.566-3.14,6.136\r\n\t\t\tc-0.193,2.568,0.472,4.811,1.997,6.713l17.701,21.128c1.525,1.712,3.521,2.759,5.996,3.142c2.285,0.192,4.57-0.476,6.855-1.998\r\n\t\t\tL230.149,95.817l197.57,164.741c1.526,1.328,3.521,1.991,5.996,1.991h0.858c2.471-0.376,4.463-1.43,5.996-3.138l17.703-21.125\r\n\t\t\tc1.522-1.906,2.189-4.145,1.991-6.716C460.068,229.007,459.021,226.961,457.122,225.438z\"\/>\r\n\t<\/g>\r\n<\/g>\r\n<g>\r\n<\/g>\r\n<g>\r\n<\/g>\r\n<g>\r\n<\/g>\r\n<g>\r\n<\/g>\r\n<g>\r\n<\/g>\r\n<g>\r\n<\/g>\r\n<g>\r\n<\/g>\r\n<g>\r\n<\/g>\r\n<g>\r\n<\/g>\r\n<g>\r\n<\/g>\r\n<g>\r\n<\/g>\r\n<g>\r\n<\/g>\r\n<g>\r\n<\/g>\r\n<g>\r\n<\/g>\r\n<g>\r\n<\/g>\r\n<\/svg>\r\n\t\t\t\t\t<\/div>\n\t\t\t\t<\/div>\n\t\t\t<\/div>\n\t\t\t\t<div class=\"icon-box-text last-reset\">\n\t\t\t\t\t\t\t\t\t\n\n<p><span style=\"font-size: 90%;\">\u0110\u1ecba ch\u1ec9:<\/span><br>736\/182 L\u00ea \u0110\u1ee9c Th\u1ecd, Ph\u01b0\u1eddng 15, Qu\u1eadn G\u00f2 V\u1ea5p, TP H\u1ed3 Ch\u00ed Minh<\/p>\n\n\t\t<\/div>\n\t<\/div>\n\t\n\t\n\t<div id=\"gap-362762525\" class=\"gap-element clearfix\" style=\"display:block; height:auto;\">\n\t\t\n<style>\n#gap-362762525 {\n  padding-top: 15px;\n}\n<\/style>\n\t<\/div>\n\t\n\n\n\t\t<div class=\"icon-box featured-box icon-box-left text-left\"  >\n\t\t\t\t\t<div class=\"icon-box-img\" style=\"width: 50px\">\n\t\t\t\t<div class=\"icon\">\n\t\t\t\t\t<div class=\"icon-inner\" style=\"color:rgb(17, 174, 237);\">\n\t\t\t\t\t\t<?xml version=\"1.0\" encoding=\"iso-8859-1\"?>\r\n<!-- Generator: Adobe Illustrator 19.0.0, SVG Export Plug-In . SVG Version: 6.00 Build 0)  -->\r\n<svg version=\"1.1\" id=\"Capa_1\" xmlns=\"http:\/\/www.w3.org\/2000\/svg\" xmlns:xlink=\"http:\/\/www.w3.org\/1999\/xlink\" x=\"0px\" y=\"0px\"\r\n\t viewBox=\"0 0 512 512\" style=\"enable-background:new 0 0 512 512;\" xml:space=\"preserve\">\r\n<g>\r\n\t<g>\r\n\t\t<path d=\"M367.727,313.071c-13.73-1.809-27.341-5.188-40.371-10.044c-6.929-2.611-14.754-0.922-19.994,4.241l-17.408,17.365\r\n\t\t\tc-2.714,2.714-6.903,3.268-10.24,1.382c-35.686-20.25-65.28-49.784-85.581-85.41c-1.911-3.345-1.34-7.552,1.382-10.266\r\n\t\t\tl17.434-17.408c5.137-5.18,6.801-12.988,4.224-19.857c-4.873-13.039-8.269-26.624-10.086-40.397\r\n\t\t\tc-1.306-9.199-9.344-16.154-18.731-16.154c-0.06,0-0.128,0-0.179,0h-41.276c-0.546,0-1.109,0.034-1.656,0.085\r\n\t\t\tc-5.06,0.452-9.617,2.833-12.851,6.707c-3.234,3.866-4.77,8.764-4.318,13.781c4.335,40.687,18.449,80.469,40.815,114.927\r\n\t\t\tc20.309,31.889,47.889,59.418,79.795,79.65c34.432,22.281,74.112,36.378,114.842,40.789c0.435,0.034,1.05,0.06,1.655,0.06\r\n\t\t\tc5.026-0.017,9.771-1.997,13.329-5.581c3.558-3.584,5.504-8.329,5.487-13.363v-41.139c0-0.068,0-0.145,0-0.205\r\n\t\t\tC384.239,322.654,377.242,314.419,367.727,313.071z\"\/>\r\n\t<\/g>\r\n<\/g>\r\n<g>\r\n\t<g>\r\n\t\t<path d=\"M256,0C114.842,0,0,114.842,0,256c0,48.819,13.773,96.154,39.876,137.182L0.521,500.531\r\n\t\t\tc-1.126,3.072-0.393,6.528,1.886,8.875C4.036,511.087,6.264,512,8.533,512c0.905,0,1.818-0.145,2.697-0.444l111.352-37.112\r\n\t\t\tc40.158,24.576,86.204,37.547,133.419,37.547c141.158,0,256-114.842,256-256S397.159,0,256,0z M401.058,373.547\r\n\t\t\tc0.034,9.566-3.669,18.611-10.445,25.421c-6.767,6.818-15.795,10.59-25.404,10.624c-1.143,0-2.253-0.043-3.362-0.145\r\n\t\t\tc-43.537-4.719-85.794-19.729-122.377-43.401c-33.946-21.53-63.334-50.867-84.941-84.804\r\n\t\t\tc-23.774-36.634-38.81-79.01-43.443-122.487c-0.879-9.694,2.039-19.021,8.201-26.402c6.161-7.364,14.822-11.904,24.397-12.757\r\n\t\t\tc1.058-0.102,2.133-0.154,3.209-0.154h41.19c18.031-0.418,33.391,13.116,35.908,30.899c1.656,12.578,4.736,24.9,9.156,36.719\r\n\t\t\tc4.924,13.073,1.749,27.955-8.107,37.905L212.25,237.73c17.502,28.621,41.626,52.693,70.306,70.144l12.774-12.74\r\n\t\t\tc9.993-9.856,24.892-13.013,37.999-8.115c11.81,4.403,24.166,7.475,36.693,9.122c18.142,2.552,31.437,18.176,31.036,36.378\r\n\t\t\tV373.547z\"\/>\r\n\t<\/g>\r\n<\/g>\r\n<g>\r\n<\/g>\r\n<g>\r\n<\/g>\r\n<g>\r\n<\/g>\r\n<g>\r\n<\/g>\r\n<g>\r\n<\/g>\r\n<g>\r\n<\/g>\r\n<g>\r\n<\/g>\r\n<g>\r\n<\/g>\r\n<g>\r\n<\/g>\r\n<g>\r\n<\/g>\r\n<g>\r\n<\/g>\r\n<g>\r\n<\/g>\r\n<g>\r\n<\/g>\r\n<g>\r\n<\/g>\r\n<g>\r\n<\/g>\r\n<\/svg>\r\n\t\t\t\t\t<\/div>\n\t\t\t\t<\/div>\n\t\t\t<\/div>\n\t\t\t\t<div class=\"icon-box-text last-reset\">\n\t\t\t\t\t\t\t\t\t\n\n<p><span style=\"font-size: 90%;\">Hotline:\n<\/span><br>0944 422 422 | 028 22 365 888\n<\/p>\n\n\t\t<\/div>\n\t<\/div>\n\t\n\t\n\t<div id=\"gap-1505601855\" class=\"gap-element clearfix\" style=\"display:block; height:auto;\">\n\t\t\n<style>\n#gap-1505601855 {\n  padding-top: 15px;\n}\n<\/style>\n\t<\/div>\n\t\n\n\n\t\t<div class=\"icon-box featured-box icon-box-left text-left\"  >\n\t\t\t\t\t<div class=\"icon-box-img\" style=\"width: 50px\">\n\t\t\t\t<div class=\"icon\">\n\t\t\t\t\t<div class=\"icon-inner\" style=\"color:rgb(17, 174, 237);\">\n\t\t\t\t\t\t<?xml version=\"1.0\" encoding=\"UTF-8\"?> <svg xmlns=\"http:\/\/www.w3.org\/2000\/svg\" height=\"512\" viewBox=\"0 0 64 64\" width=\"512\"><g id=\"Email\"><path d=\"m10 29.054 16.729 12.69 4.671-3.544a1 1 0 0 1 1.208 0l4.667 3.54 16.725-12.686v-19.054h-44zm22-14.054a9.01 9.01 0 0 1 9 9v2a2.994 2.994 0 0 1 -5.534 1.59 4.99 4.99 0 1 1 1.534-3.59v2a1 1 0 0 0 2 0v-2a7 7 0 1 0 -7 7h3a1 1 0 0 1 0 2h-3a9 9 0 0 1 0-18z\"><\/path><circle cx=\"32\" cy=\"24\" r=\"3\"><\/circle><path d=\"m4.655 25 3.345 2.537v-5.074z\"><\/path><path d=\"m4 58.986 21.074-15.987-21.074-15.985z\"><\/path><path d=\"m56 27.537 3.345-2.537-3.345-2.536z\"><\/path><path d=\"m60 27.014-21.074 15.985 21.074 15.987z\"><\/path><path d=\"m32 40.255-26.027 19.745h52.054z\"><\/path><path d=\"m27.063 8h9.874l-4.937-3.745z\"><\/path><\/g><\/svg> \t\t\t\t\t<\/div>\n\t\t\t\t<\/div>\n\t\t\t<\/div>\n\t\t\t\t<div class=\"icon-box-text last-reset\">\n\t\t\t\t\t\t\t\t\t\n\n<p><span style=\"font-size: 90%;\">Email:<\/span><br>dungnguyen@tmcrack.vn | camhuynh@tmcrack.vn<\/p>\n\n\t\t<\/div>\n\t<\/div>\n\t\n\t\n\t<div id=\"gap-22211492\" class=\"gap-element clearfix\" style=\"display:block; height:auto;\">\n\t\t\n<style>\n#gap-22211492 {\n  padding-top: 15px;\n}\n<\/style>\n\t<\/div>\n\t\n\n\n\t\t<div class=\"icon-box featured-box icon-box-left text-left\"  >\n\t\t\t\t\t<div class=\"icon-box-img\" style=\"width: 50px\">\n\t\t\t\t<div class=\"icon\">\n\t\t\t\t\t<div class=\"icon-inner\" style=\"color:rgb(17, 174, 237);\">\n\t\t\t\t\t\t<img width=\"152\" height=\"152\" src=\"https:\/\/www.tmcrack.vn\/vn\/wp-content\/uploads\/2023\/03\/skype.svg\" class=\"attachment-medium size-medium\" alt=\"\" decoding=\"async\" loading=\"lazy\" \/>\t\t\t\t\t<\/div>\n\t\t\t\t<\/div>\n\t\t\t<\/div>\n\t\t\t\t<div class=\"icon-box-text last-reset\">\n\t\t\t\t\t\t\t\t\t\n\n<p><span style=\"font-size: 90%;\">Skype:<\/span><br>camhuynh888<\/p>\n\n\t\t<\/div>\n\t<\/div>\n\t\n\t\n\n\t\t<\/div>\n\t\t\t\t\t<\/div>\n\n\t\n\n\t<div id=\"col-1650376976\" class=\"col medium-6 small-12 large-6\"  >\n\t\t\t\t<div class=\"col-inner\"  >\n\t\t\t\n\t\t\t\n\n\n<div class=\"wpcf7 no-js\" id=\"wpcf7-f9-o1\" lang=\"vi\" dir=\"ltr\">\n<div class=\"screen-reader-response\"><p role=\"status\" aria-live=\"polite\" aria-atomic=\"true\"><\/p> <ul><\/ul><\/div>\n<form action=\"\/vn\/wp-json\/wp\/v2\/pages\/11#wpcf7-f9-o1\" method=\"post\" class=\"wpcf7-form init\" aria-label=\"Form li\u00ean h\u1ec7\" novalidate=\"novalidate\" data-status=\"init\">\n<div style=\"display: none;\">\n<input type=\"hidden\" name=\"_wpcf7\" value=\"9\" \/>\n<input type=\"hidden\" name=\"_wpcf7_version\" value=\"5.7.4\" \/>\n<input type=\"hidden\" name=\"_wpcf7_locale\" value=\"vi\" \/>\n<input type=\"hidden\" name=\"_wpcf7_unit_tag\" value=\"wpcf7-f9-o1\" \/>\n<input type=\"hidden\" name=\"_wpcf7_container_post\" value=\"0\" \/>\n<input type=\"hidden\" name=\"_wpcf7_posted_data_hash\" value=\"\" \/>\n<\/div>\n<p><label> H\u1ecd v\u00e0 t\u00ean qu\u00fd kh\u00e1ch*:<br \/>\n<span class=\"wpcf7-form-control-wrap\" data-name=\"your-name\"><input size=\"40\" class=\"wpcf7-form-control wpcf7-text wpcf7-validates-as-required\" aria-required=\"true\" aria-invalid=\"false\" value=\"\" type=\"text\" name=\"your-name\" \/><\/span> <\/label>\n<\/p>\n<p><label> \u0110\u1ecba ch\u1ec9 email*:<br \/>\n<span class=\"wpcf7-form-control-wrap\" data-name=\"your-email\"><input size=\"40\" class=\"wpcf7-form-control wpcf7-text wpcf7-email wpcf7-validates-as-required wpcf7-validates-as-email\" aria-required=\"true\" aria-invalid=\"false\" value=\"\" type=\"email\" name=\"your-email\" \/><\/span> <\/label>\n<\/p>\n<p><label> S\u1ed1 \u0111i\u1ec7n tho\u1ea1i li\u00ean h\u1ec7*:<br \/>\n<span class=\"wpcf7-form-control-wrap\" data-name=\"phonenumber\"><input size=\"40\" class=\"wpcf7-form-control wpcf7-text wpcf7-tel wpcf7-validates-as-required wpcf7-validates-as-tel\" aria-required=\"true\" aria-invalid=\"false\" value=\"\" type=\"tel\" name=\"phonenumber\" \/><\/span> <\/label>\n<\/p>\n<p><label> S\u1ea3n ph\u1ea9m c\u1ea7n b\u00e1o gi\u00e1:<br \/>\n<span class=\"wpcf7-form-control-wrap\" data-name=\"your-message\"><textarea cols=\"40\" rows=\"10\" class=\"wpcf7-form-control wpcf7-textarea\" aria-invalid=\"false\" name=\"your-message\"><\/textarea><\/span> <\/label>\n<\/p>\n<p>[recaptcha]\n<\/p>\n<p><input class=\"wpcf7-form-control has-spinner wpcf7-submit\" type=\"submit\" value=\"G\u1eedi y\u00eau c\u1ea7u\" \/>\n<\/p><p style=\"display: none !important;\"><label>&#916;<textarea name=\"_wpcf7_ak_hp_textarea\" cols=\"45\" rows=\"8\" maxlength=\"100\"><\/textarea><\/label><input type=\"hidden\" id=\"ak_js_1\" name=\"_wpcf7_ak_js\" value=\"196\"\/><script>document.getElementById( \"ak_js_1\" ).setAttribute( \"value\", ( new Date() ).getTime() );<\/script><\/p><div class=\"wpcf7-response-output\" aria-hidden=\"true\"><\/div>\n<\/form>\n<\/div>\n\n\n\n\t\t<\/div>\n\t\t\t\t\t<\/div>\n\n\t\n\n<\/div>\n","protected":false},"excerpt":{"rendered":"","protected":false},"author":1,"featured_media":0,"parent":0,"menu_order":0,"comment_status":"closed","ping_status":"closed","template":"page-blank.php","meta":[],"_links":{"self":[{"href":"https:\/\/www.tmcrack.vn\/vn\/wp-json\/wp\/v2\/pages\/11"}],"collection":[{"href":"https:\/\/www.tmcrack.vn\/vn\/wp-json\/wp\/v2\/pages"}],"about":[{"href":"https:\/\/www.tmcrack.vn\/vn\/wp-json\/wp\/v2\/types\/page"}],"author":[{"embeddable":true,"href":"https:\/\/www.tmcrack.vn\/vn\/wp-json\/wp\/v2\/users\/1"}],"replies":[{"embeddable":true,"href":"https:\/\/www.tmcrack.vn\/vn\/wp-json\/wp\/v2\/comments?post=11"}],"version-history":[{"count":19,"href":"https:\/\/www.tmcrack.vn\/vn\/wp-json\/wp\/v2\/pages\/11\/revisions"}],"predecessor-version":[{"id":1905,"href":"https:\/\/www.tmcrack.vn\/vn\/wp-json\/wp\/v2\/pages\/11\/revisions\/1905"}],"wp:attachment":[{"href":"https:\/\/www.tmcrack.vn\/vn\/wp-json\/wp\/v2\/media?parent=11"}],"curies":[{"name":"wp","href":"https:\/\/api.w.org\/{rel}","templated":true}]}}