{"id":326,"date":"2017-07-13T00:35:54","date_gmt":"2017-07-12T17:35:54","guid":{"rendered":"https:\/\/www.tmcrack.vn\/vn\/?page_id=326"},"modified":"2024-10-22T12:02:03","modified_gmt":"2024-10-22T05:02:03","slug":"chinh-sach-thanh-toan-tmc-rack","status":"publish","type":"page","link":"https:\/\/www.tmcrack.vn\/vn\/chinh-sach-thanh-toan-tmc-rack\/","title":{"rendered":"Chi\u0301nh Sa\u0301ch Thanh Toa\u0301n &#8211; TMC Rack"},"content":{"rendered":"<p><strong>TMCRack<\/strong> lu\u00f4n mong mu\u1ed1n mang \u0111\u1ebfn nh\u1eefng h\u00ecnh th\u1ee9c thanh to\u00e1n ti\u1ec7n l\u1ee3i v\u00e0 linh ho\u1ea1t nh\u1ea5t \u0111\u1ebfn v\u1edbi kh\u00e1ch h\u00e0ng. Sau khi hoa\u0300n t\u00e2\u0301t \u0111\u01a1n ha\u0300ng, kha\u0301ch ha\u0300ng co\u0301 th\u00ea\u0309 l\u01b0\u0323a cho\u0323n ca\u0301c hi\u0300nh th\u01b0\u0301c thanh toa\u0301n sau \u0111\u00ea\u0309 thanh toa\u0301n \u0111\u01a1n ha\u0300ng cu\u0309a mi\u0300nh khi mua sa\u0309n ph\u00e2\u0309m tr\u00ean website cu\u0309a <strong><em>tmcrack.vn<\/em><\/strong>Ca\u0301c hi\u0300nh th\u01b0\u0301c thanh toa\u0301n<\/p>\n<ol>\n<li><strong>THANH TO\u00c1N KHI NH\u1eacN H\u00c0NG (COD)<\/strong><\/li>\n<\/ol>\n<p>L\u00e0 c\u00e1ch thanh to\u00e1n d\u1ec5 d\u00e0ng nh\u1ea5t, \u0111\u1eb7c bi\u1ec7t khi qu\u00fd kh\u00e1ch kh\u00f4ng quen v\u1edbi c\u00e1c h\u00ecnh th\u1ee9c thanh to\u00e1n tr\u1ef1c tuy\u1ebfn.Trong qu\u00e1 tr\u00ecnh \u0111\u1eb7t h\u00e0ng, h\u00e3y ch\u1ecdn Thanh to\u00e1n khi nh\u1eadn h\u00e0ng trong ph\u1ea7n Ph\u01b0\u01a1ng th\u1ee9c thanh to\u00e1n. Ngay sau khi nh\u1eadn \u0111\u01b0\u1ee3c \u0111\u01a1n h\u00e0ng, TMCRACK s\u1ebd x\u00e1c nh\u1eadn v\u1edbi qu\u00fd kh\u00e1ch qua email, ti\u1ebfn h\u00e0nh th\u1ef1c hi\u1ec7n \u0111\u01a1n h\u00e0ng v\u00e0 giao h\u00e0ng trong th\u1eddi gian quy \u0111\u1ecbnh. TMCRACK c\u0169ng s\u1ebd th\u01b0\u1eddng xuy\u00ean c\u1eadp nh\u1eadt tr\u1ea1ng th\u00e1i \u0111\u01a1n h\u00e0ng c\u1ee7a qu\u00fd kh\u00e1ch th\u00f4ng qua email.<\/p>\n<ol start=\"2\">\n<li><strong>THANH TO\u00c1N TR\u1ef0C TI\u1ebeP T\u1ea0I V\u0102N PH\u00d2NG<\/strong><\/li>\n<\/ol>\n<p>Quy\u0301 kha\u0301ch co\u0301 th\u00ea\u0309 \u0111\u00ea\u0301n theo \u0111i\u0323a chi\u0309 b\u00ean d\u01b0\u01a1\u0301i \u0111\u00ea\u0309 ti\u00ea\u0301n ha\u0300nh thanh toa\u0301n \u0111\u01a1n ha\u0300ng \u0111a\u0303 \u0111\u0103\u0323t C\u00d4NG TY TNHH TH\u01af\u01a0NG M\u1ea0I D\u1ecaCH V\u1ee4 TH\u1eaeNG MINH (TMCRACK)<br \/>\u0110\u1ecba ch\u1ec9: 736\/184 L\u00ea \u0110\u1ee9c Th\u1ecd, Ph\u01b0\u1eddng 15, Qu\u1eadn G\u00f2 V\u1ea5p, TP H\u1ed3 Ch\u00ed Minh<br \/>\u0110i\u1ec7n tho\u1ea1i: 0944 422 422 Th\u01a1\u0300i gian la\u0300m vi\u00ea\u0323c: 8h00 \u2013 17h30 (Th\u01b0\u0301 Hai \u2013 Th\u01b0\u0301 Ba\u0309y)<\/p>\n<ol start=\"3\">\n<li><strong>CHUY\u00ca\u0309N KHOA\u0309N<\/strong><\/li>\n<\/ol>\n<p>Quy\u0301 kha\u0301ch vui lo\u0300ng GHI CHU\u0301 th\u00f4ng tin khi chuy\u00ea\u0309n khoa\u0309n \u0111\u00ea\u0309 TMRACK bi\u00ea\u0301t \u0111\u01b0\u01a1\u0323c \u0111o\u0301 la\u0300 \u0111\u01a1n ha\u0300ng cu\u0309a Quy\u0301 Kha\u0301ch Cu\u0301 pha\u0301p: T\u00ean Quy\u0301 kha\u0301ch + Ma\u0303 \u0110\u01a1n Ha\u0300ngN\u00ea\u0301u Quy\u0301 kha\u0301ch kh\u00f4ng th\u00ea\u0309 chuy\u00ea\u0309n theo cu\u0301 pha\u0301p tr\u00ean ( chuy\u00ea\u0309n qua ma\u0301y ATM) vui lo\u0300ng th\u00f4ng ba\u0301o xa\u0301c nh\u00e2\u0323n la\u0323i cho TMCRack qua Hotline ho\u0103\u0323c email sau khi chuy\u00ea\u0309n khoa\u0309nTh\u00f4ng tin t\u00e0i kho\u1ea3n:Ng\u00e2n ha\u0300ng: VietcombankT\u00caN TK: C\u00d4NG TY TNHH TM DV TH\u1eaeNG MINH<br \/>S\u1ed0 TK: 007 1000 950 522 Vietcombank T\u00e2n S\u01a1n Nh\u1ea5t &#8211; PGD Quang Trung<br \/><strong>TMCRack <\/strong>\u00a0Ch\u00e2n Th\u00e0nh C\u00e1m \u01a0n Qu\u00fd Kh\u00e1ch \u0110\u00e3 L\u1ef1a Ch\u1ecdn Ch\u00fang T\u00f4i!<\/p>\n","protected":false},"excerpt":{"rendered":"<p>TMCRack lu\u00f4n mong mu\u1ed1n mang \u0111\u1ebfn nh\u1eefng h\u00ecnh th\u1ee9c thanh to\u00e1n ti\u1ec7n l\u1ee3i v\u00e0 linh ho\u1ea1t nh\u1ea5t \u0111\u1ebfn v\u1edbi kh\u00e1ch h\u00e0ng. Sau khi hoa\u0300n t\u00e2\u0301t \u0111\u01a1n ha\u0300ng, kha\u0301ch ha\u0300ng co\u0301 th\u00ea\u0309 l\u01b0\u0323a cho\u0323n ca\u0301c hi\u0300nh th\u01b0\u0301c thanh toa\u0301n sau \u0111\u00ea\u0309 thanh toa\u0301n \u0111\u01a1n ha\u0300ng cu\u0309a mi\u0300nh khi mua sa\u0309n ph\u00e2\u0309m tr\u00ean website cu\u0309a tmcrack.vnCa\u0301c hi\u0300nh [&#8230;]\n","protected":false},"author":2,"featured_media":0,"parent":0,"menu_order":0,"comment_status":"closed","ping_status":"closed","template":"","meta":[],"_links":{"self":[{"href":"https:\/\/www.tmcrack.vn\/vn\/wp-json\/wp\/v2\/pages\/326"}],"collection":[{"href":"https:\/\/www.tmcrack.vn\/vn\/wp-json\/wp\/v2\/pages"}],"about":[{"href":"https:\/\/www.tmcrack.vn\/vn\/wp-json\/wp\/v2\/types\/page"}],"author":[{"embeddable":true,"href":"https:\/\/www.tmcrack.vn\/vn\/wp-json\/wp\/v2\/users\/2"}],"replies":[{"embeddable":true,"href":"https:\/\/www.tmcrack.vn\/vn\/wp-json\/wp\/v2\/comments?post=326"}],"version-history":[{"count":2,"href":"https:\/\/www.tmcrack.vn\/vn\/wp-json\/wp\/v2\/pages\/326\/revisions"}],"predecessor-version":[{"id":1932,"href":"https:\/\/www.tmcrack.vn\/vn\/wp-json\/wp\/v2\/pages\/326\/revisions\/1932"}],"wp:attachment":[{"href":"https:\/\/www.tmcrack.vn\/vn\/wp-json\/wp\/v2\/media?parent=326"}],"curies":[{"name":"wp","href":"https:\/\/api.w.org\/{rel}","templated":true}]}}