{"id":328,"date":"2017-07-13T00:26:19","date_gmt":"2017-07-12T17:26:19","guid":{"rendered":"https:\/\/www.tmcrack.vn\/vn\/?page_id=328"},"modified":"2024-10-22T11:48:38","modified_gmt":"2024-10-22T04:48:38","slug":"chinh-sach-bao-mat-thong-tin-khach-hang-tmc-rack","status":"publish","type":"page","link":"https:\/\/www.tmcrack.vn\/vn\/chinh-sach-bao-mat-thong-tin-khach-hang-tmc-rack\/","title":{"rendered":"Chi\u0301nh Sa\u0301ch Ba\u0309o M\u00e2\u0323t Th\u00f4ng Tin Kha\u0301ch Ha\u0300ng &#8211; TMC Rack"},"content":{"rendered":"\t<section class=\"section dark\" id=\"section_1103558096\">\n\t\t<div class=\"bg section-bg fill bg-fill  bg-loaded\" >\n\n\t\t\t\n\t\t\t\n\t\t\t\n\n\t\t<\/div>\n\n\t\t<div class=\"section-content relative\">\n\t\t\t\n\t<div id=\"gap-388299756\" class=\"gap-element clearfix\" style=\"display:block; height:auto;\">\n\t\t\n<style>\n#gap-388299756 {\n  padding-top: 30px;\n}\n<\/style>\n\t<\/div>\n\t\n<div class=\"row\"  id=\"row-1882145625\">\n\n\t<div id=\"col-59013868\" class=\"col small-12 large-12\"  >\n\t\t\t\t<div class=\"col-inner\"  >\n\t\t\t\n\t\t\t\n  <div id=\"page-header-639271049\" class=\"page-header-wrapper\">\n  <div class=\"page-title dark simple-title\">\n\n    \n    <div class=\"page-title-inner container align-center text-center flex-row-col medium-flex-wrap\" >\n              <div class=\"title-wrapper flex-col\">\n          <h1 class=\"entry-title mb-0\">\n            Chi\u0301nh Sa\u0301ch Ba\u0309o M\u00e2\u0323t Th\u00f4ng Tin Kha\u0301ch Ha\u0300ng &#8211; TMC Rack          <\/h1>\n        <\/div>\n                    <div class=\"title-content flex-col\">\n        <div class=\"title-breadcrumbs pb-half pt-half\"><nav class=\"woocommerce-breadcrumb breadcrumbs uppercase\">Trang ch\u1ee7<\/nav><\/div>      <\/div>\n    <\/div>\n\n       <\/div>\n    <\/div>\n  \n\t\t<\/div>\n\t\t\t\t\t<\/div>\n\n\t\n<\/div>\n\t\t<\/div>\n\n\t\t\n<style>\n#section_1103558096 {\n  padding-top: 0px;\n  padding-bottom: 0px;\n  background-color: rgb(17, 174, 237);\n}\n<\/style>\n\t<\/section>\n\t\n<div class=\"row\"  id=\"row-2104888358\">\n\n\t<div id=\"col-1655389161\" class=\"col small-12 large-12\"  >\n\t\t\t\t<div class=\"col-inner\"  >\n\t\t\t\n\t\t\t\n<p>Ca\u0309m \u01a1n quy\u0301 kha\u0301ch \u0111a\u0303 truy c\u00e2\u0323p va\u0300o website: <a href=\"http:\/\/www.tmcrack.vn\">www.tmcrack.vn<\/a> \u0111\u01b0\u01a1\u0323c v\u00e2\u0323n ha\u0300nh C\u00f4ng Ty TNHH TM DV Th\u1eafng Minh. Chu\u0301ng t\u00f4i t\u00f4n tro\u0323ng va\u0300 cam k\u00ea\u0301t se\u0303 ba\u0309o m\u00e2\u0323t nh\u01b0\u0303ng th\u00f4ng tin mang ti\u0301nh ri\u00eang t\u01b0 cu\u0309a quy\u0301 kha\u0301ch. Xin vui lo\u0300ng \u0111o\u0323c ba\u0309n chi\u0301nh sa\u0301ch ba\u0309o m\u00e2\u0323t d\u01b0\u01a1\u0301i \u0111\u00e2y \u0111\u00ea\u0309 hi\u00ea\u0309u h\u01a1n nh\u01b0\u0303ng cam k\u00ea\u0301t ma\u0300 chu\u0301ng t\u00f4i th\u01b0\u0323c hi\u00ea\u0323n nh\u0103\u0300m t\u00f4n tro\u0323ng va\u0300 ba\u0309o v\u00ea\u0323 quy\u00ea\u0300n l\u01a1\u0323i cu\u0309a ng\u01b0\u01a1\u0300i du\u0300ng.<\/p>\n<ol>\n<li><strong>Mu\u0323c \u0111i\u0301ch thu th\u00e2\u0323p th\u00f4ng tin ca\u0301 nh\u00e2n<\/strong><\/li>\n<\/ol>\n<ul>\n<li>Ca\u0301c th\u00f4ng tin thu th\u00e2\u0323p th\u00f4ng qua website <a href=\"http:\/\/www.tmcrack.vn\">www.tmcrack.vn<\/a> se\u0303 giu\u0301p chu\u0301ng t\u00f4i:<\/li>\n<li>H\u00f4\u0303 tr\u01a1\u0323 kha\u0301ch ha\u0300ng khi mua sa\u0309n ph\u00e2\u0309m<\/li>\n<li>Gia\u0309i \u0111a\u0301p th\u0103\u0301c m\u0103\u0301c<\/li>\n<li>Cung c\u00e2\u0301p cho quy\u0301 kha\u0301ch ha\u0300ng nh\u01b0\u0303ng th\u00f4ng tin m\u01a1\u0301i nh\u00e2\u0301t tr\u00ean website cu\u0309a chu\u0301ng t\u00f4i.<\/li>\n<li>Th\u01b0\u0323c hi\u00ea\u0323n ca\u0301c hoa\u0323t \u0111\u00f4\u0323ng qua\u0309ng ba\u0301 li\u00ean quan \u0111\u00ea\u0301n ca\u0301c sa\u0309n ph\u00e2\u0309m cu\u0309a <strong>TMC Rack<\/strong>.<\/li>\n<\/ul>\n<ol start=\"2\">\n<li><strong> Pha\u0323m vi s\u01b0\u0309 du\u0323ng th\u00f4ng tin<\/strong><\/li>\n<\/ol>\n<ul>\n<li>Chu\u0301ng t\u00f4i thu th\u00e2\u0323p, l\u01b0u tr\u01b0\u0303 x\u01b0\u0309 ly\u0301 th\u00f4ng tin cu\u0309a Quy\u0301 kha\u0301ch ha\u0300ng cho qua\u0301 tri\u0300nh mua ha\u0300ng nh\u01b0: ho\u0323 va\u0300 t\u00ean, s\u00f4\u0301 \u0111i\u00ea\u0323n thoa\u0323i, email, \u0111i\u0323a chi\u0309, chi ti\u00ea\u0301t thanh toa\u0301n ng\u00e2n ha\u0300ng.<\/li>\n<li>Ch\u00fang t\u00f4i s\u1ebd d\u00f9ng th\u00f4ng tin Quy\u0301 kha\u0301ch \u0111\u00e3 cung c\u1ea5p \u0111\u1ec3 x\u1eed l\u00fd \u0111\u01a1n \u0111\u1eb7t h\u00e0ng, cung c\u1ea5p c\u00e1c d\u1ecbch v\u1ee5 v\u00e0 th\u00f4ng tin y\u00eau c\u1ea7u th\u00f4ng qua trang website v\u00e0 theo y\u00eau c\u1ea7u c\u1ee7a Quy\u0301 kha\u0301ch. Ch\u00fang t\u00f4i c\u00f3 th\u1ec3 chuy\u1ec3n t\u00ean v\u00e0 \u0111\u1ecba ch\u1ec9 cho b\u00ean th\u1ee9 ba \u0111\u1ec3 h\u1ecd giao h\u00e0ng cho Quy\u0301 kha\u0301ch (v\u00ed d\u1ee5 cho b\u00ean chuy\u1ec3n ph\u00e1t nhanh).<\/li>\n<li>Chi ti\u1ebft \u0111\u01a1n \u0111\u1eb7t h\u00e0ng c\u1ee7a Quy\u0301 kha\u0301ch \u0111\u01b0\u1ee3c ch\u00fang t\u00f4i l\u01b0u gi\u1eef nh\u01b0ng v\u00ec l\u00fd do b\u1ea3o m\u1eadt n\u00ean ch\u00fang t\u00f4i kh\u00f4ng c\u00f4ng khai tr\u1ef1c ti\u1ebfp. Tuy nhi\u00ean, Quy\u0301 kha\u0301ch c\u00f3 th\u1ec3 ti\u1ebfp c\u1eadn th\u00f4ng tin b\u1eb1ng c\u00e1ch \u0111\u0103ng nh\u1eadp t\u00e0i kho\u1ea3n tr\u00ean trang web. T\u1ea1i \u0111\u00e2y, Quy\u0301 kha\u0301ch s\u1ebd th\u1ea5y chi ti\u1ebft \u0111\u01a1n \u0111\u1eb7t h\u00e0ng c\u1ee7a m\u00ecnh, nh\u1eefng s\u1ea3n ph\u1ea9m \u0111\u00e3 nh\u1eadn v\u00e0 nh\u1eefng s\u1ea3n ph\u1ea9m \u0111\u00e3 g\u1eedi v\u00e0 chi ti\u1ebft email, ng\u00e2n h\u00e0ng v\u00e0 b\u1ea3n tin m\u00e0 Qu\u00fd kh\u00e1ch \u0111\u1eb7t theo d\u00f5i d\u00e0i h\u1ea1n. Quy\u0301 kha\u0301ch cam k\u1ebft b\u1ea3o m\u1eadt d\u1eef li\u1ec7u c\u00e1 nh\u00e2n v\u00e0 kh\u00f4ng \u0111\u01b0\u1ee3c ph\u00e9p ti\u1ebft l\u1ed9 cho b\u00ean th\u1ee9 ba. Ch\u00fang t\u00f4i kh\u00f4ng ch\u1ecbu b\u1ea5t k\u1ef3 tr\u00e1ch nhi\u1ec7m n\u00e0o cho vi\u1ec7c d\u00f9ng sai m\u1eadt kh\u1ea9u n\u1ebfu \u0111\u00e2y kh\u00f4ng ph\u1ea3i l\u1ed7i c\u1ee7a ch\u00fang t\u00f4i.<\/li>\n<\/ul>\n<ol start=\"3\">\n<li><strong> Th\u01a1\u0300i gian l\u01b0u tr\u01b0\u0303 th\u00f4ng tin<\/strong><\/li>\n<\/ol>\n<p><strong>TMC Rack<\/strong> s\u1ebd l\u01b0u tr\u1eef c\u00e1c th\u00f4ng tin c\u00e1 nh\u00e2n do kh\u00e1ch h\u00e0ng cung c\u1ea5p tr\u00ean c\u00e1c h\u1ec7 th\u1ed1ng n\u1ed9i b\u1ed9 c\u1ee7a ch\u00fang t\u00f4i trong qu\u00e1 tr\u00ecnh cung c\u1ea5p d\u1ecbch v\u1ee5 cho Kh\u00e1ch h\u00e0ng ho\u1eb7c cho \u0111\u1ebfn khi ho\u00e0n th\u00e0nh m\u1ee5c \u0111\u00edch thu th\u1eadp ho\u1eb7c khi Kh\u00e1ch h\u00e0ng c\u00f3 y\u00eau c\u1ea7u h\u1ee7y c\u00e1c th\u00f4ng tin \u0111\u00e3 cung c\u1ea5p.<\/p>\n<ol start=\"4\">\n<li><strong> \u0110\u1ecba ch\u1ec9 c\u1ee7a \u0111\u01a1n v\u1ecb thu th\u1eadp v\u00e0 qu\u1ea3n l\u00fd th\u00f4ng tin c\u00e1 nh\u00e2n<\/strong><\/li>\n<\/ol>\n<p><strong>C\u00d4NG TY TNHH TH\u01af\u01a0NG M\u1ea0I D\u1ecaCH V\u1ee4 TH\u1eaeNG MINH (TMC RACK)<br \/><\/strong>\u0110\u1ecba ch\u1ec9: 736\/184 L\u00ea \u0110\u1ee9c Th\u1ecd, Ph\u01b0\u1eddng 15, Qu\u1eadn G\u00f2 V\u1ea5p, TP H\u1ed3 Ch\u00ed Minh<br \/>\u0110i\u1ec7n tho\u1ea1i: 0944 422 422<\/p>\n<ol start=\"5\">\n<li><strong> Ph\u01b0\u01a1ng ti\u1ec7n v\u00e0 c\u00f4ng c\u1ee5 \u0111\u1ec3 ng\u01b0\u1eddi d\u00f9ng ti\u1ebfp c\u1eadn v\u00e0 ch\u1ec9nh s\u1eeda d\u1eef li\u1ec7u c\u00e1 nh\u00e2n c\u1ee7a m\u00ecnh<\/strong><\/li>\n<\/ol>\n<p>Kh\u00e1ch h\u00e0ng c\u00f3 th\u1ec3 th\u1ef1c hi\u1ec7n c\u00e1c quy\u1ec1n tr\u00ean b\u1eb1ng c\u00e1ch t\u1ef1 truy c\u1eadp v\u00e0o website ho\u1eb7c li\u00ean h\u1ec7 v\u1edbi ch\u00fang t\u00f4i qua email ho\u1eb7c \u0111\u1ecba ch\u1ec9 li\u00ean l\u1ea1c \u0111\u01b0\u1ee3c c\u00f4ng b\u1ed1 tr\u00ean website c\u1ee7a <a href=\"http:\/\/www.tmcrack.vn\">www.tmcrack.vn<\/a><\/p>\n<ol start=\"6\">\n<li><strong> Cam k\u1ebft b\u1ea3o m\u1eadt th\u00f4ng tin c\u00e1 nh\u00e2n kh\u00e1ch ha\u0300ng<\/strong><\/li>\n<\/ol>\n<p>Ch\u00fang t\u00f4i cam k\u1ebft b\u1ea3o \u0111\u1ea3m an to\u00e0n th\u00f4ng tin cho Qu\u00fd kh\u00e1ch h\u00e0ng khi \u0111\u0103ng k\u00fd th\u00f4ng tin c\u00e1 nh\u00e2n v\u1edbi c\u00f4ng ty ch\u00fang t\u00f4i. Ch\u00fang t\u00f4i cam k\u1ebft kh\u00f4ng trao \u0111\u1ed5i mua b\u00e1n th\u00f4ng tin kh\u00e1ch h\u00e0ng v\u00ec m\u1ee5c \u0111\u00edch th\u01b0\u01a1ng m\u1ea1i. M\u1ecdi s\u1ef1 chia s\u1ebb v\u00e0 s\u1eed d\u1ee5ng th\u00f4ng tin kh\u00e1ch h\u00e0ng ch\u00fang t\u00f4i cam k\u1ebft th\u1ef1c hi\u1ec7n theo ch\u00ednh s\u00e1ch b\u1ea3o m\u1eadt c\u1ee7a c\u00f4ng ty. Ch\u00fang t\u00f4i cam k\u1ebft s\u1ebd khi\u1ebfn qu\u00fd kh\u00e1ch c\u1ea3m th\u1ea5y tin t\u01b0\u1edfng v\u00e0 h\u00e0i l\u00f2ng v\u1ec1 b\u1ea3o m\u1eadt th\u00f4ng tin c\u00e1 nh\u00e2n khi tham gia v\u00e0 s\u1eed d\u1ee5ng nh\u1eefng d\u1ecbch v\u1ee5 c\u1ee7a c\u00f4ng ty ch\u00fang t\u00f4i.\u0110\u1ec3 b\u1ea3o m\u1eadt th\u00f4ng tin c\u1ee7a kh\u00e1ch h\u00e0ng t\u1ed1t nh\u1ea5t, ch\u00fang t\u00f4i khuy\u1ebfn c\u00e1o Qu\u00fd kh\u00e1ch h\u1ea1n ch\u1ebf truy c\u1eadp t\u00e0i kho\u1ea3n b\u1eb1ng \u0111\u0103ng nh\u1eadp t\u1ef1 \u0111\u1ed9ng, ch\u00fa \u00fd ch\u1ebf \u0111\u1ed9 sao l\u01b0u password v\u00e0 \u0111\u1ea3m b\u1ea3o \u0111\u0103ng xu\u1ea5t kh\u1ecfi t\u00e0i kho\u1ea3n khi s\u1eed d\u1ee5ng m\u00e1y t\u00ednh chung \u0111\u1ec3 \u0111\u0103ng nh\u1eadp t\u00e0i kho\u1ea3n tr\u00ean website c\u1ee7a ch\u00fang t\u00f4i. Ch\u00fang t\u00f4i s\u1ebd kh\u00f4ng ch\u1ecbu tr\u00e1ch nhi\u1ec7m khi nh\u1eefng th\u00f4ng tin c\u00e1 nh\u00e2n c\u1ee7a qu\u00fd kh\u00e1ch b\u1ecb r\u00f2 r\u1ec9 v\u00ec nh\u1eefng l\u00fd do tr\u00ean.Ch\u00ednh s\u00e1ch b\u1ea3o m\u1eadt ch\u1ec9 \u00e1p d\u1ee5ng nh\u1eefng th\u00f4ng tin Qu\u00fd kh\u00e1ch h\u00e0ng \u0111\u0103ng k\u00fd tr\u00ean website ch\u00ednh th\u1ee9c <a href=\"http:\/\/www.tmcrack.vn\">www.tmcrack.vn<\/a> c\u1ee7a c\u00f4ng ty ch\u00fang t\u00f4i. M\u1ecdi th\u00f4ng tin qu\u00fd kh\u00e1ch \u0111\u0103ng k\u00fd t\u1ea1i nh\u1eefng website ho\u1eb7c nh\u1eefng \u0111\u1ecba ch\u1ec9 kh\u00e1c \u0111\u1ec1u kh\u00f4ng thu\u1ed9c ph\u1ea1m vi hi\u1ec7u l\u1ef1c c\u1ee7a Ch\u00ednh s\u00e1ch B\u1ea3o m\u1eadt th\u00f4ng tin n\u00e0y.<\/p>\n\t\t<\/div>\n\t\t\t\t\t<\/div>\n\n\t\n<\/div>\n","protected":false},"excerpt":{"rendered":"","protected":false},"author":2,"featured_media":0,"parent":0,"menu_order":0,"comment_status":"closed","ping_status":"closed","template":"page-blank.php","meta":[],"_links":{"self":[{"href":"https:\/\/www.tmcrack.vn\/vn\/wp-json\/wp\/v2\/pages\/328"}],"collection":[{"href":"https:\/\/www.tmcrack.vn\/vn\/wp-json\/wp\/v2\/pages"}],"about":[{"href":"https:\/\/www.tmcrack.vn\/vn\/wp-json\/wp\/v2\/types\/page"}],"author":[{"embeddable":true,"href":"https:\/\/www.tmcrack.vn\/vn\/wp-json\/wp\/v2\/users\/2"}],"replies":[{"embeddable":true,"href":"https:\/\/www.tmcrack.vn\/vn\/wp-json\/wp\/v2\/comments?post=328"}],"version-history":[{"count":4,"href":"https:\/\/www.tmcrack.vn\/vn\/wp-json\/wp\/v2\/pages\/328\/revisions"}],"predecessor-version":[{"id":1930,"href":"https:\/\/www.tmcrack.vn\/vn\/wp-json\/wp\/v2\/pages\/328\/revisions\/1930"}],"wp:attachment":[{"href":"https:\/\/www.tmcrack.vn\/vn\/wp-json\/wp\/v2\/media?parent=328"}],"curies":[{"name":"wp","href":"https:\/\/api.w.org\/{rel}","templated":true}]}}