{"id":46,"date":"2017-07-03T16:30:57","date_gmt":"2017-07-03T09:30:57","guid":{"rendered":"https:\/\/www.tmcrack.vn\/vn\/?page_id=46"},"modified":"2024-10-22T14:20:40","modified_gmt":"2024-10-22T07:20:40","slug":"che-bao-hanh-tmc-rack","status":"publish","type":"page","link":"https:\/\/www.tmcrack.vn\/vn\/che-bao-hanh-tmc-rack\/","title":{"rendered":"Ch\u1ebf \u0111\u1ed9 b\u1ea3o h\u00e0nh &#8211; TMC Rack"},"content":{"rendered":"\r\n\t<section class=\"section dark\" id=\"section_169918934\">\n\t\t<div class=\"bg section-bg fill bg-fill  \" >\n\n\t\t\t\n\t\t\t\n\t\t\t\n\n\t\t<\/div>\n\n\t\t<div class=\"section-content relative\">\n\t\t\t \t<div id=\"gap-2018404997\" class=\"gap-element clearfix\" style=\"display:block; height:auto;\">\n\t\t\n<style>\n#gap-2018404997 {\n  padding-top: 30px;\n}\n<\/style>\n\t<\/div>\n\t <div class=\"row\"  id=\"row-853087482\"> \n\t<div id=\"col-2047568110\" class=\"col small-12 large-12\"  >\n\t\t\t\t<div class=\"col-inner\"  >\n\t\t\t\n\t\t\t   <div id=\"page-header-1881201796\" class=\"page-header-wrapper\">\n  <div class=\"page-title dark simple-title\">\n\n    \n    <div class=\"page-title-inner container align-center text-center flex-row-col medium-flex-wrap\" >\n              <div class=\"title-wrapper flex-col\">\n          <h1 class=\"entry-title mb-0\">\n            Ch\u1ebf \u0111\u1ed9 b\u1ea3o h\u00e0nh &#8211; TMC Rack          <\/h1>\n        <\/div>\n                    <div class=\"title-content flex-col\">\n        <div class=\"title-breadcrumbs pb-half pt-half\"><nav class=\"woocommerce-breadcrumb breadcrumbs uppercase\">Trang ch\u1ee7<\/nav><\/div>      <\/div>\n    <\/div>\n\n       <\/div>\n    <\/div>\n   \t\t<\/div>\n\t\t\t\t\t<\/div>\n\n\t <\/div> \t\t<\/div>\n\n\t\t\n<style>\n#section_169918934 {\n  padding-top: 0px;\n  padding-bottom: 0px;\n  background-color: rgb(17, 174, 237);\n}\n#section_169918934 .section-bg.bg-loaded {\n  background-image: url(https:\/\/www.tmcrack.vn\/vn\/wp-content\/uploads\/2023\/03\/poly.png);\n}\n<\/style>\n\t<\/section>\n\t <div class=\"row\"  id=\"row-1912799855\"> \n\t<div id=\"col-2100730826\" class=\"col small-12 large-12\"  >\n\t\t\t\t<div class=\"col-inner\"  >\n\t\t\t\n\t\t\t\r\n<p class=\"p1\">Quy Tr\u00ecnh B\u1ea3o H\u00e0nh Thi\u1ebft B\u1ecb Vi\u1ec5n Th\u00f4ng, b\u1ea3o h\u00e0ng t\u1ee7 rack t\u1ee7 m\u1ea1ng t\u1ea1i <strong>TMC Rack<\/strong><\/p>\r\n<p class=\"p1\"><strong>1. Th\u1eddi gian nh\u1eadn m\u00e1y b\u1ea3o h\u00e0nh<\/strong><\/p>\r\n<p class=\"p1\">T\u1eeb 11h30 \u0111\u1ebfn 17h30 h\u00e0ng ng\u00e0y t\u1eeb th\u1ee9 2 \u0111\u1ebfn th\u1ee9 6. (T7, ch\u1ee7 nh\u1eadt v\u00e0 c\u00e1c ng\u00e0y l\u1ec5, t\u1ebft kh\u00f4ng nh\u1eadn m\u00e1y b\u1ea3o h\u00e0nh )<\/p>\r\n<p class=\"p1\"><strong>2. Th\u1eddi h\u1ea1n b\u1ea3o h\u00e0nh<\/strong><\/p>\r\n<p class=\"p1\">Th\u1eddi gian b\u1ea3o h\u00e0nh cho s\u1ea3n ph\u1ea9m c\u00f3 ghi r\u00f5 trong t\u1eebng s\u1ea3n ph\u1ea9m tr\u00ean web, v\u00e0 \u0111\u01b0\u1ee3c nh\u00e2n vi\u00ean b\u00e1n h\u00e0ng TMC Rack t\u01b0 v\u1ea5n v\u00e0 n\u00f3i r\u00f5 tr\u01b0\u1edbc khi<\/p>\r\n<p>C\u00e1c s\u1ea3n ph\u1ea9m t\u1ee7 rack TMC Rack \u0111\u01b0\u1ee3c b\u1ea3o h\u00e0nh 1 n\u0103m.\u0110\u1ed1i v\u1edbi s\u1ea3n ph\u1ea9m c\u1ee7a c\u00e1c h\u00e3ng m\u00e0 TMC Rack ph\u00e2n ph\u1ed1i, TMC Rack s\u1ebd theo quy \u0111\u1ecbnh b\u1ea3o h\u00e0nh ch\u00ednh h\u00e3ng.<\/p>\r\n<p class=\"p1\"><strong>3. \u0110i\u1ec1u ki\u1ec7n b\u1ea3o h\u00e0nh<\/strong><\/p>\r\n<p class=\"p1\">M\u00e1y b\u1ecb l\u1ed7i do nh\u00e0 s\u1ea3n xu\u1ea5t, c\u00f2n trong th\u1eddi gian hi\u1ec7u l\u1ef1c v\u00e0 ph\u1ea3i \u0111\u01b0\u1ee3c mang \u0111\u1ebfn trung t\u00e2m c\u00f9ng v\u1edbi phi\u1ebfu b\u1ea3o h\u00e0nh.<\/p>\r\n<p class=\"p1\">4.<strong> C\u00e1c tr\u01b0\u1eddng h\u1ee3p t\u1eeb ch\u1ed1i b\u1ea3o h\u00e0nh<\/strong><\/p>\r\n<p class=\"p1\">&#8211; S\u1ea3n ph\u1ea9m \u0111\u01b0\u1ee3c l\u1eafp \u0111\u1eb7t hay s\u1eed d\u1ee5ng kh\u00f4ng ph\u00f9 h\u1ee3p v\u1edbi h\u01b0\u1edbng d\u1eabn s\u1eed d\u1ee5ng<\/p>\r\n<p class=\"p1\">&#8211; S\u1ea3n ph\u1ea9m b\u1ecb h\u01b0 h\u1ecfng do k\u1ebft n\u1ed1i sai ngu\u1ed3n \u0111i\u1ec7n ho\u1eb7c d\u00f9ng v\u1edbi ph\u1ee5 ki\u1ec7n kh\u00e1c<\/p>\r\n<p class=\"p1\">&#8211; S\u1ea3n ph\u1ea9m b\u1ecb h\u01b0 h\u1ecfng do tai n\u1ea1n, thi\u00ean tai, ho\u1ea3 ho\u1ea1n, r\u1ec9 s\u00e9t, do m\u00f4i tr\u01b0\u1eddng s\u1eed d\u1ee5ng,&#8230; ho\u1eb7c c\u00f3 d\u1ea5u hi\u1ec7u ch\u1ea5t l\u1ecfng r\u01a1i v\u00e0o ho\u1eb7c b\u1ecb \u1ea9m do b\u1ea3o qu\u1ea3n&#8230;<\/p>\r\n<p class=\"p1\">M\u1ecdi th\u1eafc m\u1eafc v\u1ec1 v\u1ea5n \u0111\u1ec1 b\u1ea3o h\u00e0nh, qu\u00fd kh\u00e1ch vui l\u00f2ng li\u00ean h\u1ec7<\/p>\r\n<p class=\"p1\">C\u00d4NG TY TNHH TH\u01af\u01a0NG M\u1ea0I D\u1ecaCH V\u1ee4 TH\u1eaeNG MINH<\/p>\r\n<p class=\"p1\">THANG MINH ST CO.,LTD<\/p>\r\n<p class=\"p1\">\u0110\u1ecba ch\u1ec9: 736\/184 L\u00ea \u0110\u1ee9c Th\u1ecd, Ph\u01b0\u1eddng 15, Qu\u1eadn G\u00f2 V\u1ea5p, TP H\u1ed3 Ch\u00ed Minh<\/p>\r\n<p class=\"p1\">MST :0313015727<\/p>\r\n<p class=\"p1\">C\u00d4NG TY TNHH TH\u01af\u01a0NG M\u1ea0I D\u1ecaCH V\u1ee4 TH\u1eaeNG MINH tr\u00e2n tr\u1ecdng c\u1ea3m \u01a1n Qu\u00fd kh\u00e1ch h\u00e0ng \u0111\u00e3 \u1ee7ng h\u1ed9 v\u00e0 xin ghi nh\u1eadn c\u00e1c \u00fd ki\u1ebfn \u0111\u00f3ng g\u00f3p \u0111\u1ec3 ho\u00e0n thi\u1ec7n v\u00e0 ph\u1ee5c v\u1ee5 Qu\u00fd kh\u00e1ch h\u00e0ng \u0111\u01b0\u1ee3c t\u1ed1t h\u01a1n!<\/p>\r\n\t\t<\/div>\n\t\t\t\t\t<\/div>\n\n\t <\/div>\r\n","protected":false},"excerpt":{"rendered":"","protected":false},"author":1,"featured_media":0,"parent":0,"menu_order":0,"comment_status":"closed","ping_status":"closed","template":"page-blank.php","meta":[],"_links":{"self":[{"href":"https:\/\/www.tmcrack.vn\/vn\/wp-json\/wp\/v2\/pages\/46"}],"collection":[{"href":"https:\/\/www.tmcrack.vn\/vn\/wp-json\/wp\/v2\/pages"}],"about":[{"href":"https:\/\/www.tmcrack.vn\/vn\/wp-json\/wp\/v2\/types\/page"}],"author":[{"embeddable":true,"href":"https:\/\/www.tmcrack.vn\/vn\/wp-json\/wp\/v2\/users\/1"}],"replies":[{"embeddable":true,"href":"https:\/\/www.tmcrack.vn\/vn\/wp-json\/wp\/v2\/comments?post=46"}],"version-history":[{"count":6,"href":"https:\/\/www.tmcrack.vn\/vn\/wp-json\/wp\/v2\/pages\/46\/revisions"}],"predecessor-version":[{"id":1933,"href":"https:\/\/www.tmcrack.vn\/vn\/wp-json\/wp\/v2\/pages\/46\/revisions\/1933"}],"wp:attachment":[{"href":"https:\/\/www.tmcrack.vn\/vn\/wp-json\/wp\/v2\/media?parent=46"}],"curies":[{"name":"wp","href":"https:\/\/api.w.org\/{rel}","templated":true}]}}