{"id":1374,"date":"2020-03-30T09:02:29","date_gmt":"2020-03-30T02:02:29","guid":{"rendered":"https:\/\/www.tmcrack.vn\/vn\/?post_type=product&#038;p=1374"},"modified":"2026-04-09T08:39:52","modified_gmt":"2026-04-09T01:39:52","slug":"tu%cc%89-ma%cc%a3ng-treo-tuong-12u-sau-d500-den-luoi-tmc-rack-19","status":"publish","type":"product","link":"https:\/\/www.tmcrack.vn\/vn\/tu-mang\/tu%cc%89-ma%cc%a3ng-treo-tuong-12u-sau-d500-den-luoi-tmc-rack-19\/","title":{"rendered":"Tu\u0309 Ma\u0323ng Treo T\u01b0\u1eddng 12U S\u00e2u D600 \u0110en L\u01b0\u1edbi \u2013 TMC RACK 19\u2019\u2019 &#8211; M\u00e3 s\u1ea3n ph\u1ea9m: TM126WBN-B"},"content":{"rendered":"<p>T\u1ee7 M\u1ea1ng 12U \u2013 T\u1ee7 TMC 12U \u2013 T\u1ee7 Rack 12U \u2013 T\u1ee7 Server 12U<\/p>\n<h1>\u0110\u1eb7c tr\u01b0ng c\u01a1 b\u1ea3n c\u1ee7a\u00a0T\u1ee7 M\u1ea1ng Treo T\u01b0\u1eddng 12U Rack D600 \u0110en L\u01b0\u1edbi -TMC RACK 19\u2019\u2019<\/h1>\n<ul>\n<li><strong>T\u1ee7 m\u1ea1ng 12u rack<\/strong>\u00a0\u0111\u01b0\u1ee3c s\u01a1n t\u0129nh \u0111i\u1ec7n \u0111\u1ea3m b\u1ea3o \u0111\u1ed9 b\u1ec1n v\u00e0 th\u1ea9m m\u1ef9 cao.<\/li>\n<li>K\u00edch th\u01b0\u1edbc: H620 x W550 x D600<\/li>\n<li>\u0110\u1ed9 d\u00e0y th\u00e9p: To\u00e0n b\u1ed9 t\u1ee7 m\u1ea1ng Treo T\u01b0\u1eddng 12u s\u00e2u D600 \u0111\u01b0\u1ee3c s\u1ea3n xu\u1ea5t b\u1eb1ng ch\u1ea5t li\u00eau th\u00e9p d\u00e0y 1mm \u2013 1.8mm<\/li>\n<li>Quy c\u00e1ch:\u00a0<strong>t\u1ee7 m\u1ea1ng \u0111\u1ee9ng<\/strong><\/li>\n<li>Th\u00e2n t\u1ee7 m\u1ea1ng 12u \u0111\u01b0\u1ee3c thi\u1ebft k\u1ebf d\u1ea1ng khung c\u00f3 k\u1ebft c\u1ea7u h\u00e0n li\u1ec1n ch\u1ecbu t\u1ea3i cao<\/li>\n<li>K\u1ebft c\u1ea5u m\u1eb7t tr\u01b0\u1edbc t\u1ee7 rack 12u:\u00a0<strong>c\u1eeda l\u01b0\u1edbi<\/strong>\u00a0tho\u00e1ng \u0111\u1ec3 h\u1ed7 tr\u1ee3 s\u1ef1 l\u01b0u th\u00f4ng kh\u00f4ng kh\u00ed, l\u00e0m m\u00e1t cho thi\u1ebft b\u1ecb.<\/li>\n<li>H\u1ec7 th\u1ed1ng l\u00e0m m\u00e1t t\u1ee7 m\u1ea1ng g\u1ed3m 1 qu\u1ea1t g\u1eafn n\u00f3c t\u1ee7 v\u00e0 1 khung ch\u1edd khi c\u00f3 nhu c\u1ea7u l\u1eafp th\u00eam\u00a0<a href=\"https:\/\/www.tmcrack.vn\/vn\/tu-rack\/quat-tan-nhiet-tu-mang\/\">qu\u1ea1t t\u1ea3n nhi\u1ec7t<\/a><\/li>\n<li>C\u00f9ng thi\u1ebft k\u1ebf t\u1ee7 rack kh\u00e1 linh ho\u1ea1t t\u1eeb\u00a0<strong>TMC Rack<\/strong>\u00a0v\u1edbi\u00a0L\u1ed7 Ch\u1edd \u0111i d\u00e2y thi\u1ebft k\u1ebf tinh t\u1ebf v\u00e0 thu\u1eadn ti\u1ec7n v\u1edbi<em><strong>\u00a02 l\u1ed7 tr\u00ean n\u00f3c v\u00e0 2 l\u1ed7 d\u01b0\u1edbi \u0111\u00e1y t\u1ee7 m\u1ea1ng 12u<\/strong><\/em>, h\u1ea1n ch\u1ebf t\u1ed1i \u0111a s\u1ef1 x\u00e2m nh\u1eadp c\u1ee7a c\u00f4n tr\u00f9ng.<\/li>\n<li><em><strong>Ph\u1ee5 ki\u1ec7n t\u1ee7 m\u1ea1ng 12u \u0111\u00ednh k\u00e8m bao g\u1ed3m:<\/strong><\/em><\/li>\n<li>1 b\u1ed9 \u1ed1c treo t\u01b0\u1eddng<\/li>\n<li>1 b\u1ed9 kh\u00f3a b\u1eadt b\u1ea3o \u0111\u1ea3m an to\u00e0n cho c\u00e1c ph\u1ee5 ki\u1ec7n b\u00ean trong t\u1ee7 m\u1ea1ng<\/li>\n<li>1 qu\u1ea1t gi\u00f3 t\u1ea3n nhi\u1ec7t \u0111\u01b0\u1ee3c g\u1eafn \u1edf ph\u00eda tr\u00ean t\u1ee7 m\u1ea1ng<\/li>\n<li>1 thanh ngu\u1ed3n 3 ch\u1ea5u \u0111a n\u0103ng<\/li>\n<li>12 b\u1ed9 \u1ed1c rack<\/li>\n<li>Ngo\u00e0i ra tu\u1ef3 theo nhu c\u1ea7u s\u1eed d\u1ee5ng t\u1ee7 m\u1ea1ng, m\u00e0 ng\u01b0\u1eddi d\u00f9ng c\u00f3 th\u1ebb ch\u1ecdn th\u00eam\u00a0<a href=\"https:\/\/www.tmcrack.vn\/vn\/san-pham\/phu-kien\/\">ph\u1ee5 ki\u1ec7n t\u1ee7 m\u1ea1ng\u00a0<\/a>t\u01b0\u01a1ng th\u00edch v\u1edbi t\u1ee7<\/li>\n<li>Ti\u00eau chu\u1ea9n: T\u01b0\u01a1ng th\u00edch c\u00e1c thi\u1ebft b\u1ecb ti\u00eau chu\u1ea9n 19\u201d EIA-310-D<\/li>\n<\/ul>\n<p><img decoding=\"async\" loading=\"lazy\" class=\"wp-image-1948  aligncenter\" src=\"https:\/\/www.tmcrack.vn\/vn\/wp-content\/uploads\/2017\/07\/12u-treo-den-300x300.jpg\" alt=\"\" width=\"656\" height=\"656\" srcset=\"https:\/\/www.tmcrack.vn\/vn\/wp-content\/uploads\/2017\/07\/12u-treo-den-300x300.jpg 300w, https:\/\/www.tmcrack.vn\/vn\/wp-content\/uploads\/2017\/07\/12u-treo-den-150x150.jpg 150w, https:\/\/www.tmcrack.vn\/vn\/wp-content\/uploads\/2017\/07\/12u-treo-den-768x768.jpg 768w, https:\/\/www.tmcrack.vn\/vn\/wp-content\/uploads\/2017\/07\/12u-treo-den-600x600.jpg 600w, https:\/\/www.tmcrack.vn\/vn\/wp-content\/uploads\/2017\/07\/12u-treo-den-100x100.jpg 100w, https:\/\/www.tmcrack.vn\/vn\/wp-content\/uploads\/2017\/07\/12u-treo-den.jpg 1000w\" sizes=\"(max-width: 656px) 100vw, 656px\" \/><\/p>\n<p style=\"text-align: center\"><em><strong>\u00a0T\u1ee7 m\u1ea1ng Treo t\u01b0\u1eddng 12U rack D600 \u0110en L\u01b0\u1edbi -TMC RACK 19\u2019\u2019<\/strong><\/em><\/p>\n<p>&nbsp;<\/p>\n<h4><a href=\"https:\/\/www.tmcrack.vn\/vn\/tu-mang\/tu-mang-12u-rack-d500-trang-luoi\/\">T\u1ee7 m\u1ea1ng 12U rack c\u1eeda l\u01b0\u1edbi chu\u1ea9n rack 19 inch<\/a>\u00a0\u0111\u01b0\u1ee3c T\u1ee7 M\u1ea1ng\u00a0<strong>TMC Rack<\/strong>\u00a0s\u1ea3n xu\u1ea5t v\u00e0 ph\u00e2n ph\u1ed1i v\u1edbi mong mu\u1ed1n mang \u0111\u1ebfn s\u1ef1 thu\u1eadn ti\u1ec7n t\u1ed1i \u01b0u cho Qu\u00fd kh\u00e1ch h\u00e0ng trong vi\u1ec7c qu\u1ea3n l\u00fd c\u00e1c thi\u1ebft b\u1ecb m\u1ea1ng an to\u00e0n, linh ho\u1ea1t v\u00e0 \u01b0u vi\u1ec7t nh\u1ea5t.<\/h4>\n","protected":false},"excerpt":{"rendered":"<p><em><span style=\"font-size: 16px;color: #ff0000\">Gi\u00e1 tr\u00ean ch\u01b0a bao g\u1ed3m VAT<\/span><br \/>\n<span style=\"font-size: 16px;color: #ff0000\">Vui L\u00f2ng Li\u00ean H\u1ec7 \u0110\u1ec3 \u0110\u01b0\u1ee3c Gi\u00e1 T\u1ed1t<\/span><br \/>\nTu\u0309 ma\u0323ng Treo T\u01b0\u1eddng 12U S\u00e2u D500\u00a0 \u0110en L\u01b0\u1edbi \u2013 TMC Rack 19\u2033 hay co\u0300n \u0111\u01b0\u01a1\u0323c go\u0323i la\u0300 tu\u0309 rack 12u, tu\u0309 server 12u \u0111\u01b0\u01a1\u0323c thi\u00ea\u0301t k\u00ea\u0301 chu\u00e2\u0309n rack 19 inch | tmcrack.vn<\/em><\/p>\n","protected":false},"featured_media":1948,"comment_status":"open","ping_status":"closed","template":"","meta":[],"product_cat":[15,182],"product_tag":[59],"_links":{"self":[{"href":"https:\/\/www.tmcrack.vn\/vn\/wp-json\/wp\/v2\/product\/1374"}],"collection":[{"href":"https:\/\/www.tmcrack.vn\/vn\/wp-json\/wp\/v2\/product"}],"about":[{"href":"https:\/\/www.tmcrack.vn\/vn\/wp-json\/wp\/v2\/types\/product"}],"replies":[{"embeddable":true,"href":"https:\/\/www.tmcrack.vn\/vn\/wp-json\/wp\/v2\/comments?post=1374"}],"wp:featuredmedia":[{"embeddable":true,"href":"https:\/\/www.tmcrack.vn\/vn\/wp-json\/wp\/v2\/media\/1948"}],"wp:attachment":[{"href":"https:\/\/www.tmcrack.vn\/vn\/wp-json\/wp\/v2\/media?parent=1374"}],"wp:term":[{"taxonomy":"product_cat","embeddable":true,"href":"https:\/\/www.tmcrack.vn\/vn\/wp-json\/wp\/v2\/product_cat?post=1374"},{"taxonomy":"product_tag","embeddable":true,"href":"https:\/\/www.tmcrack.vn\/vn\/wp-json\/wp\/v2\/product_tag?post=1374"}],"curies":[{"name":"wp","href":"https:\/\/api.w.org\/{rel}","templated":true}]}}