{"id":1419,"date":"2020-03-31T14:36:07","date_gmt":"2020-03-31T07:36:07","guid":{"rendered":"https:\/\/www.tmcrack.vn\/vn\/?post_type=product&#038;p=1419"},"modified":"2026-04-09T07:10:30","modified_gmt":"2026-04-09T00:10:30","slug":"tu%cc%89-ma%cc%a3ng-10u-sau-d500-trang-luoi-tmc-rack-19","status":"publish","type":"product","link":"https:\/\/www.tmcrack.vn\/vn\/tu-mang\/tu%cc%89-ma%cc%a3ng-10u-sau-d500-trang-luoi-tmc-rack-19\/","title":{"rendered":"Tu\u0309 Ma\u0323ng 10U S\u00e2u D500 Ghi L\u01b0\u1edbi &#8211; TMC RACK 19&#8221; &#8211; M\u00e3 s\u1ea3n ph\u1ea9m: TM105GN-B"},"content":{"rendered":"<p><span style=\"font-size: 13px;\">T\u1ee7 M\u1ea1ng 10U &#8211; T\u1ee7 M\u1ea1ng TMC 10U &#8211; T\u1ee7 Rack 10U &#8211; T\u1ee7 Server 10U<\/span><\/p>\n<h1><span style=\"font-size: 13px;\">Tu\u0309 Ma\u0323ng 10U S\u00e2u D500 Ghi L\u01b0\u1edbi &#8211; TMC RACK 19\u2019\u2019 hay tu\u0309 rack 10u, tu\u0309 server 10u<\/span><\/h1>\n<p><span style=\"font-size: 13px;\"><strong>\u0110\u1eb7c tr\u01b0ng c\u01a1 b\u1ea3n c\u1ee7a<em>\u00a0T\u1ee7 m\u1ea1ng 10U S\u00e2u D500 ghi L\u01b0\u1edbi &#8211; TMC Rack 19&#8221;<\/em><\/strong><\/span><\/p>\n<ul>\n<li><span style=\"font-size: 13px;\"><em><strong>T\u1ee7 m\u1ea1ng 10u s\u00e2u D500<\/strong><\/em> \u0111\u01b0\u1ee3c s\u01a1n t\u0129nh \u0111i\u1ec7n \u0111\u1ea3m b\u1ea3o \u0111\u1ed9 b\u1ec1n v\u00e0 th\u1ea9m m\u1ef9 cao.<\/span><\/li>\n<li>K\u00edch th\u01b0\u1edbc: H530 x W550 x D500 ( Chi\u1ec1u cao ch\u01b0a bao g\u1ed3m b\u00e1nh xe)<\/li>\n<li><span style=\"font-size: 13px;\">\u0110\u1ed9 d\u00e0y th\u00e9p: To\u00e0n b\u1ed9 t\u1ee7 m\u1ea1ng 10u D500 \u0111\u01b0\u1ee3c s\u1ea3n xu\u1ea5t b\u1eb1ng ch\u1ea5t li\u1ec7u th\u00e9p d\u00e0y 1mm &#8211; 1.8mm<\/span><\/li>\n<li><span style=\"font-size: 13px;\">Quy c\u00e1ch: <a href=\"https:\/\/www.tmcrack.vn\/vn\/tu-rack\/tu-mang-10u-sau-d500-tmc-rack-19\/\">t\u1ee7 ma\u0323ng 10u \u0111\u1ee9ng<\/a><\/span><\/li>\n<li><span style=\"font-size: 13px;\">Th\u00e2n t\u1ee7 m\u1ea1ng \u0111\u01b0\u1ee3c thi\u1ebft k\u1ebf d\u1ea1ng khung c\u00f3 k\u1ebft c\u1ea7u h\u00e0n li\u1ec1n ch\u1ecbu t\u1ea3i cao.<\/span><\/li>\n<li><span style=\"font-size: 13px;\">M\u1eb7t tr\u01b0\u1edbc<strong> t\u1ee7 m\u1ea1ng 10u\u00a0s\u00e2u D500 Ghi L\u01b0\u1edbi<\/strong><\/span>\u00a0gi\u00fap ng\u01b0\u1eddi d\u00f9ng d\u1ec5 d\u00e0ng quan s\u00e1t c\u00e1c thi\u1ebft b\u1ecb b\u00ean trong<\/li>\n<li><span style=\"font-size: 13px;\">H\u1ec7 th\u1ed1ng l\u00e0m m\u00e1t <em>t<strong>\u1ee7 m\u1ea1ng 10u s\u00e2u D500\u00a0<\/strong><\/em>g\u1ed3m 1 qu\u1ea1t g\u1eafn n\u00f3c t\u1ee7 v\u00e0 1 khung ch\u1edd khi c\u00f3 nhu c\u1ea7u l\u1eafp th\u00eam qu\u1ea1t t\u1ea3n nhi\u1ec7t<\/span><\/li>\n<li><span style=\"font-size: 13px;\">C\u00f9ng thi\u1ebft k\u1ebf t\u1ee7 rack kh\u00e1 linh ho\u1ea1t t\u1eeb <strong>TMC Rack<\/strong> v\u1edbi\u00a0L\u1ed7 Ch\u1edd \u0111i d\u00e2y thi\u1ebft k\u1ebf tinh t\u1ebf v\u00e0 thu\u1eadn ti\u1ec7n v\u1edbi<em><strong> 2 l\u1ed7 tr\u00ean n\u00f3c v\u00e0 2 l\u1ed7 d\u01b0\u1edbi \u0111\u00e1y t\u1ee7 m\u1ea1ng 10u<\/strong><\/em>, h\u1ea1n ch\u1ebf t\u1ed1i \u0111a s\u1ef1 x\u00e2m nh\u1eadp c\u1ee7a c\u00f4n tr\u00f9ng.<\/span><\/li>\n<li><span style=\"font-size: 13px;\"><strong><em>Ph\u1ee5 ki\u1ec7n tu\u0309 ma\u0323ng 10u D500 bao g\u1ed3m<\/em><\/strong><\/span><\/li>\n<li><span style=\"font-size: 13px;\">1 b\u1ed9 b\u00e1nh xe<\/span><\/li>\n<li><span style=\"font-size: 13px;\">1 b\u1ed9 kh\u00f3a b\u1eadt b\u1ea3o \u0111\u1ea3m an to\u00e0n cho c\u00e1c ph\u1ee5 ki\u1ec7n b\u00ean trong<\/span><\/li>\n<li><span style=\"font-size: 13px;\">1 qu\u1ea1t gi\u00f3 t\u1ea3n nhi\u1ec7t \u0111\u01b0\u1ee3c g\u1eafn \u1edf ph\u00eda tr\u00ean t\u1ee7 m\u1ea1ng<\/span><\/li>\n<li><span style=\"font-size: 13px;\">1 thanh ngu\u1ed3n 3 ch\u1ea5u \u0111a n\u0103ng<\/span><\/li>\n<li><span style=\"font-size: 13px;\">12 b\u1ed9 \u1ed1c rack<\/span><\/li>\n<li><span style=\"font-size: 13px;\">Ngo\u00e0i ra tu\u1ef3 theo nhu c\u1ea7u s\u1eed d\u1ee5ng t\u1ee7 m\u1ea1ng, m\u00e0 ng\u01b0\u1eddi d\u00f9ng c\u00f3 th\u1ebb ch\u1ecdn th\u00eam\u00a0<a href=\"https:\/\/www.tmcrack.vn\/vn\/san-pham\/phu-kien\/\">ph\u1ee5 ki\u1ec7n t\u1ee7 m\u1ea1ng\u00a0<\/a>t\u01b0\u01a1ng th\u00edch v\u1edbi t\u1ee7<\/span><\/li>\n<li><span style=\"font-size: 13px;\">Ti\u00eau chu\u1ea9n: T\u01b0\u01a1ng th\u00edch c\u00e1c thi\u1ebft b\u1ecb ti\u00eau chu\u1ea9n 19 inch EIA-310-D<\/span><\/li>\n<li><img decoding=\"async\" loading=\"lazy\" class=\"wp-image-1945 aligncenter\" src=\"https:\/\/www.tmcrack.vn\/vn\/wp-content\/uploads\/2017\/07\/10-12u-ghi-dat-300x300.jpg\" alt=\"\" width=\"660\" height=\"660\" srcset=\"https:\/\/www.tmcrack.vn\/vn\/wp-content\/uploads\/2017\/07\/10-12u-ghi-dat-300x300.jpg 300w, https:\/\/www.tmcrack.vn\/vn\/wp-content\/uploads\/2017\/07\/10-12u-ghi-dat-150x150.jpg 150w, https:\/\/www.tmcrack.vn\/vn\/wp-content\/uploads\/2017\/07\/10-12u-ghi-dat-768x768.jpg 768w, https:\/\/www.tmcrack.vn\/vn\/wp-content\/uploads\/2017\/07\/10-12u-ghi-dat-600x600.jpg 600w, https:\/\/www.tmcrack.vn\/vn\/wp-content\/uploads\/2017\/07\/10-12u-ghi-dat-100x100.jpg 100w, https:\/\/www.tmcrack.vn\/vn\/wp-content\/uploads\/2017\/07\/10-12u-ghi-dat.jpg 1000w\" sizes=\"(max-width: 660px) 100vw, 660px\" \/><\/li>\n<\/ul>\n<p>&nbsp;<\/p>\n<p>&nbsp;<\/p>\n<p style=\"text-align: center;\"><em><strong>\u00a0M\u1eb7t B\u00ean tu\u0309 ma\u0323ng 10U S\u00e2u D500 Ghi L\u01b0\u1edbi &#8211; TMC RACK 19\u2019\u2019<\/strong><\/em><\/p>\n<p><span style=\"font-size: 13px;\"><em>T\u1ee7 m\u1ea1ng\u00a010U S\u00e2u D500 Tr\u1eafng L\u01b0\u1edbi chu\u1ea9n rack 19 inch \u0111\u01b0\u1ee3c TMC Rack s\u1ea3n xu\u1ea5t v\u00e0 ph\u00e2n ph\u1ed1i v\u1edbi mong mu\u1ed1n mang \u0111\u1ebfn s\u1ef1 thu\u1eadn ti\u1ec7n t\u1ed1i \u01b0u cho Qu\u00fd kh\u00e1ch h\u00e0ng trong vi\u1ec7c qu\u1ea3n l\u00fd c\u00e1c thi\u1ebft b\u1ecb m\u1ea1ng an to\u00e0n, linh ho\u1ea1t v\u00e0 \u01b0u vi\u1ec7t nh\u1ea5t.<\/em><\/span><\/p>\n","protected":false},"excerpt":{"rendered":"<h4><span style=\"font-size: 13px;\"><span style=\"font-size: 16px; color: #ff0000;\">Gi\u00e1 tr\u00ean ch\u01b0a bao g\u1ed3m VAT<\/span><br \/>\n<span style=\"font-size: 16px; color: #ff0000;\">Vui L\u00f2ng Li\u00ean H\u1ec7 \u0110\u1ec3 \u0110\u01b0\u1ee3c Gi\u00e1 T\u1ed1t<br \/>\n<\/span><\/span><span style=\"font-size: 13px;\"><em>T\u1ee7 m\u1ea1ng\u00a010U S\u00e2u D500 Tr\u1eafng L\u01b0\u1edbi chu\u1ea9n rack 19 inch \u0111\u01b0\u1ee3c TMC Rack s\u1ea3n xu\u1ea5t v\u00e0 ph\u00e2n ph\u1ed1i v\u1edbi mong mu\u1ed1n mang \u0111\u1ebfn s\u1ef1 thu\u1eadn ti\u1ec7n t\u1ed1i \u01b0u cho Qu\u00fd kh\u00e1ch h\u00e0ng trong vi\u1ec7c qu\u1ea3n l\u00fd c\u00e1c thi\u1ebft b\u1ecb m\u1ea1ng an to\u00e0n, linh ho\u1ea1t v\u00e0 \u01b0u vi\u1ec7t nh\u1ea5t.<\/em><\/span><\/h4>\n","protected":false},"featured_media":1945,"comment_status":"open","ping_status":"closed","template":"","meta":[],"product_cat":[16,207],"product_tag":[],"_links":{"self":[{"href":"https:\/\/www.tmcrack.vn\/vn\/wp-json\/wp\/v2\/product\/1419"}],"collection":[{"href":"https:\/\/www.tmcrack.vn\/vn\/wp-json\/wp\/v2\/product"}],"about":[{"href":"https:\/\/www.tmcrack.vn\/vn\/wp-json\/wp\/v2\/types\/product"}],"replies":[{"embeddable":true,"href":"https:\/\/www.tmcrack.vn\/vn\/wp-json\/wp\/v2\/comments?post=1419"}],"wp:featuredmedia":[{"embeddable":true,"href":"https:\/\/www.tmcrack.vn\/vn\/wp-json\/wp\/v2\/media\/1945"}],"wp:attachment":[{"href":"https:\/\/www.tmcrack.vn\/vn\/wp-json\/wp\/v2\/media?parent=1419"}],"wp:term":[{"taxonomy":"product_cat","embeddable":true,"href":"https:\/\/www.tmcrack.vn\/vn\/wp-json\/wp\/v2\/product_cat?post=1419"},{"taxonomy":"product_tag","embeddable":true,"href":"https:\/\/www.tmcrack.vn\/vn\/wp-json\/wp\/v2\/product_tag?post=1419"}],"curies":[{"name":"wp","href":"https:\/\/api.w.org\/{rel}","templated":true}]}}