{"id":1456,"date":"2020-04-01T09:14:56","date_gmt":"2020-04-01T02:14:56","guid":{"rendered":"https:\/\/www.tmcrack.vn\/vn\/?post_type=product&#038;p=1456"},"modified":"2026-04-09T07:54:04","modified_gmt":"2026-04-09T00:54:04","slug":"tu%cc%89-ma%cc%a3ng-36u-sau-d600den-luoi-tmc-rack-19","status":"publish","type":"product","link":"https:\/\/www.tmcrack.vn\/vn\/tu-mang\/tu%cc%89-ma%cc%a3ng-36u-sau-d600den-luoi-tmc-rack-19\/","title":{"rendered":"Tu\u0309 Ma\u0323ng 36U S\u00e2u D600, \u0110en L\u01b0\u1edbi &#8211; TMC RACK 19\u2019\u2019 &#8211; M\u00e3 s\u1ea3n ph\u1ea9m: TM366BN-B"},"content":{"rendered":"<p>T\u1ee7 M\u1ea1ng 36U &#8211; T\u1ee7 TMC 36U \u2013 T\u1ee7 Rack 36U \u2013 T\u1ee7 Server 36U<\/p>\n<h1><span style=\"font-size: 13px;\">\u0110\u1eb7c tr\u01b0ng c\u1ee7a Tu\u0309 Ma\u0323ng 36U S\u00e2u D600 &#8211; TMC RACK 19\u2019\u2019<\/span><\/h1>\n<ul>\n<li><em>Tu\u0309 ma\u0323ng 36U hay co\u0300n \u0111\u01b0\u01a1\u0323c go\u0323i tu\u0309 rack 36u, tu\u0309 server 36U<\/em><\/li>\n<li><strong>Tu\u0309 Ma\u0323ng 36U S\u00e2u D600 \/ tu\u0309 rack 36U s\u00e2u D600<\/strong> \u0111\u01b0\u1ee3c s\u01a1n t\u0129nh \u0111i\u1ec7n \u0111\u1ea3m b\u1ea3o \u0111\u1ed9 b\u1ec1n v\u00e0 th\u1ea9m m\u1ef9 cao.<\/li>\n<li>K\u00edch th\u01b0\u1edbc: H1760 x W600 x D600 (Chi\u1ec1u cao ch\u01b0a bao g\u1ed3m b\u00e1nh xe).<\/li>\n<li>Toa\u0300n b\u00f4\u0323<strong> tu\u0309 ma\u0323ng 36U \/ tu\u0309 rack 36U <\/strong>\u0111\u01b0\u01a1\u0323c sa\u0309n xu\u00e2\u0301t b\u0103\u0300ng the\u0301p ch\u00e2\u0301t l\u01b0\u01a1\u0323ng cao bao g\u00f4\u0300m<strong>:khung t\u1ee7 1.2mm; \u0111\u00e1y 1.5mm; khung rack g\u1eafn thi\u1ebft b\u1ecb 2mm, \u0111\u00e1nh s\u1ed1 U.<\/strong><\/li>\n<li>Quy c\u00e1ch: t\u1ee7 \u0111\u1ee9ng<\/li>\n<li>Th\u00e2n t\u1ee7\u00a0<strong>tu\u0309 ma\u0323ng 36U \/ tu\u0309 rack 36U<\/strong> \u0111\u01b0\u1ee3c thi\u1ebft k\u1ebf d\u1ea1ng ca\u0301nh m\u1edf\u00a0 v\u1edbi: hai c\u00e1nh h\u00f4ng c\u00f3 th\u1ec3 d\u1ec5 d\u00e0ng th\u00e1o l\u1eafp<\/li>\n<li>C\u1eeda tr\u01b0\u1edbc 1 c\u00e1nh l\u01b0\u1edbi &amp;\u00a0 c\u01b0\u0309a sau\u00a0d\u1ea1ng 2 c\u00e1nh\u00a0 l\u01b0\u1edbi tho\u00e1ng.<\/li>\n<li>Thanh ti\u00eau chu\u1ea9n \u0111\u01b0\u1ee3c \u0111\u00e1nh s\u1ed1 U d\u00ea\u0303 da\u0300ng l\u0103\u0301p \u0111\u0103\u0323t thi\u00ea\u0301t bi\u0323 ma\u0323ng, phu\u0323 ki\u00ea\u0323n tu\u0309 ma\u0323ng<\/li>\n<li>H\u1ec7 th\u1ed1ng l\u00e0m m\u00e1t tu\u0309 ma\u0323ng g\u1ed3m 2 <a href=\"https:\/\/www.tmcrack.vn\/vn\/tu-rack\/quat-tan-nhiet-tu-mang\/\">qu\u1ea1t ta\u0309n nhi\u00ea\u0323t<\/a> g\u1eafn n\u00f3c <strong>t\u1ee7 ma\u0323ng 36u<\/strong><\/li>\n<li>Cu\u0300ng thi\u1ebft k\u1ebf t\u1ee7 rack kh\u00e1 linh ho\u1ea1t t\u1eeb <a href=\"http:\/\/www.tmcrack.vn\">TMC Rack<\/a> v\u1edbi\u00a0L\u1ed7 Ch\u1edd \u0111i d\u00e2y thi\u1ebft k\u1ebf tinh t\u1ebf v\u00e0 thu\u1eadn ti\u1ec7n v\u1edbi<em><strong> 2 l\u1ed7 tr\u00ean n\u00f3c v\u00e0 2 l\u1ed7 d\u01b0\u1edbi \u0111\u00e1y t\u1ee7 m\u1ea1ng 36u<\/strong><\/em>, h\u1ea1n ch\u1ebf t\u1ed1i \u0111a s\u1ef1 x\u00e2m nh\u1eadp c\u1ee7a c\u00f4n tr\u00f9ng.<\/li>\n<\/ul>\n<h2><span style=\"font-size: 13px;\"><strong>Ph\u1ee5 ki\u1ec7n tu\u0309 ma\u0323ng 36u \/ tu\u0309 rack 36u \u0111i ke\u0300m bao g\u00f4\u0300m:<\/strong><\/span><\/h2>\n<ul>\n<li>1 b\u1ed9 b\u00e1nh xe, c\u00f3 kh\u00f3a h\u00e3m<\/li>\n<li>1 b\u1ed9 ch\u00e2n \u0111\u1ebf c\u1ed1 \u0111\u1ecbnh<\/li>\n<li>2 b\u1ed9 kh\u00f3a b\u1eadt b\u1ea3o \u0111\u1ea3m an to\u00e0n cho c\u00e1c ph\u1ee5 ki\u1ec7n b\u00ean trong<\/li>\n<li>2 qu\u1ea1t gi\u00f3 t\u1ea3n nhi\u1ec7t \u0111\u01b0\u1ee3c g\u1eafn \u1edf ph\u00eda tr\u00ean t\u1ee7<\/li>\n<li>1 thanh ngu\u1ed3n rack 6 c\u1ed5ng \u0111a n\u0103ng<\/li>\n<li>36 b\u1ed9 \u1ed1c rack<\/li>\n<li>Ngoa\u0300i ra, ng\u01b0\u01a1\u0300i du\u0300ng tu\u0300y y\u0301 cho\u0323n ca\u0301c <a href=\"https:\/\/www.tmcrack.vn\/vn\/san-pham\/phu-kien\/\">phu\u0323 ki\u00ea\u0323n tu\u0309 ma\u0323ng<\/a> t\u01b0\u01a1ng thi\u0301ch theo nhu c\u00e2\u0300u<\/li>\n<li>Ti\u00eau chu\u1ea9n: T\u01b0\u01a1ng th\u00edch c\u00e1c thi\u1ebft b\u1ecb ti\u00eau chu\u1ea9n 19\u201d EIA-310-D<\/li>\n<\/ul>\n<p><img decoding=\"async\" loading=\"lazy\" class=\"alignnone wp-image-1490 size-medium\" src=\"https:\/\/www.tmcrack.vn\/vn\/wp-content\/uploads\/2020\/04\/noc-tu-225x300.jpg\" alt=\"\" width=\"225\" height=\"300\" srcset=\"https:\/\/www.tmcrack.vn\/vn\/wp-content\/uploads\/2020\/04\/noc-tu-225x300.jpg 225w, https:\/\/www.tmcrack.vn\/vn\/wp-content\/uploads\/2020\/04\/noc-tu-600x800.jpg 600w, https:\/\/www.tmcrack.vn\/vn\/wp-content\/uploads\/2020\/04\/noc-tu-768x1024.jpg 768w, https:\/\/www.tmcrack.vn\/vn\/wp-content\/uploads\/2020\/04\/noc-tu.jpg 1000w\" sizes=\"(max-width: 225px) 100vw, 225px\" \/>\u00a0<img decoding=\"async\" loading=\"lazy\" class=\"alignright wp-image-1486 size-medium\" src=\"https:\/\/www.tmcrack.vn\/vn\/wp-content\/uploads\/2020\/04\/chan-tu-225x300.jpg\" alt=\"\" width=\"225\" height=\"300\" srcset=\"https:\/\/www.tmcrack.vn\/vn\/wp-content\/uploads\/2020\/04\/chan-tu-225x300.jpg 225w, https:\/\/www.tmcrack.vn\/vn\/wp-content\/uploads\/2020\/04\/chan-tu-600x800.jpg 600w, https:\/\/www.tmcrack.vn\/vn\/wp-content\/uploads\/2020\/04\/chan-tu-768x1024.jpg 768w, https:\/\/www.tmcrack.vn\/vn\/wp-content\/uploads\/2020\/04\/chan-tu.jpg 1000w\" sizes=\"(max-width: 225px) 100vw, 225px\" \/>\u00a0<img decoding=\"async\" loading=\"lazy\" class=\"wp-image-1510 size-medium alignright\" src=\"https:\/\/www.tmcrack.vn\/vn\/wp-content\/uploads\/2017\/07\/khoa-va-num-300x300.jpg\" alt=\"\" width=\"300\" height=\"300\" srcset=\"https:\/\/www.tmcrack.vn\/vn\/wp-content\/uploads\/2017\/07\/khoa-va-num-300x300.jpg 300w, https:\/\/www.tmcrack.vn\/vn\/wp-content\/uploads\/2017\/07\/khoa-va-num-100x100.jpg 100w, https:\/\/www.tmcrack.vn\/vn\/wp-content\/uploads\/2017\/07\/khoa-va-num-600x600.jpg 600w, https:\/\/www.tmcrack.vn\/vn\/wp-content\/uploads\/2017\/07\/khoa-va-num-150x150.jpg 150w, https:\/\/www.tmcrack.vn\/vn\/wp-content\/uploads\/2017\/07\/khoa-va-num-768x768.jpg 768w, https:\/\/www.tmcrack.vn\/vn\/wp-content\/uploads\/2017\/07\/khoa-va-num-180x180.jpg 180w, https:\/\/www.tmcrack.vn\/vn\/wp-content\/uploads\/2017\/07\/khoa-va-num.jpg 1000w\" sizes=\"(max-width: 300px) 100vw, 300px\" \/><\/p>\n<p><img decoding=\"async\" loading=\"lazy\" class=\"alignright wp-image-1509 size-medium\" src=\"https:\/\/www.tmcrack.vn\/vn\/wp-content\/uploads\/2017\/07\/danh-so-300x300.jpg\" alt=\"\" width=\"300\" height=\"300\" srcset=\"https:\/\/www.tmcrack.vn\/vn\/wp-content\/uploads\/2017\/07\/danh-so-300x300.jpg 300w, https:\/\/www.tmcrack.vn\/vn\/wp-content\/uploads\/2017\/07\/danh-so-100x100.jpg 100w, https:\/\/www.tmcrack.vn\/vn\/wp-content\/uploads\/2017\/07\/danh-so-600x600.jpg 600w, https:\/\/www.tmcrack.vn\/vn\/wp-content\/uploads\/2017\/07\/danh-so-150x150.jpg 150w, https:\/\/www.tmcrack.vn\/vn\/wp-content\/uploads\/2017\/07\/danh-so-768x768.jpg 768w, https:\/\/www.tmcrack.vn\/vn\/wp-content\/uploads\/2017\/07\/danh-so-180x180.jpg 180w, https:\/\/www.tmcrack.vn\/vn\/wp-content\/uploads\/2017\/07\/danh-so.jpg 1000w\" sizes=\"(max-width: 300px) 100vw, 300px\" \/><img decoding=\"async\" loading=\"lazy\" class=\"alignleft wp-image-1508 size-medium\" src=\"https:\/\/www.tmcrack.vn\/vn\/wp-content\/uploads\/2017\/07\/ch%C3%A2n-t%C4%83ng-v%C3%A0-b%C3%A1nh-xe-300x300.jpg\" alt=\"\" width=\"300\" height=\"300\" \/><\/p>\n<p>&nbsp;<\/p>\n<p>&nbsp;<\/p>\n<p>&nbsp;<\/p>\n<p>&nbsp;<\/p>\n<p>&nbsp;<\/p>\n<p>&nbsp;<\/p>\n<p>&nbsp;<\/p>\n<p>&nbsp;<\/p>\n<p>&nbsp;<\/p>\n<p>&nbsp;<\/p>\n<p style=\"text-align: center;\"><em><strong>Th\u00e2n t\u1ee7\u00a0tu\u0309 ma\u0323ng 36U \/ tu\u0309 rack 36U \u0111\u01b0\u1ee3c thi\u1ebft k\u1ebf d\u1ea1ng ca\u0301nh m\u1edf v\u1edbi hai c\u00e1nh h\u00f4ng c\u00f3 th\u1ec3 d\u1ec5 d\u00e0ng th\u00e1o l\u1eafp<\/strong><\/em><\/p>\n<p>&nbsp;<\/p>\n<p style=\"text-align: center;\"><strong>M\u1eb7t sau t\u1ee7 m\u1ea1ng 36U S\u00e2u D600,\u0110en L\u01b0\u1edbi,Chu\u1ea9n 19&#8243;<\/strong><\/p>\n<p><a href=\"https:\/\/www.tmcrack.vn\/vn\/tu-mang\/tu-mang-36u-sau-d800-tmc-rack-19\/\"><strong>Tu\u0309 Ma\u0323ng 36U S\u00e2u D600 \/ tu\u0309 rack 36U s\u00e2u D600\u00a0<\/strong><\/a>\u0111\u01b0\u1ee3c <strong>TMC Rack<\/strong> s\u1ea3n xu\u1ea5t v\u00e0 ph\u00e2n ph\u1ed1i v\u1edbi mong mu\u1ed1n mang \u0111\u1ebfn s\u1ef1 thu\u1eadn ti\u1ec7n t\u1ed1i \u01b0u cho Qu\u00fd kh\u00e1ch h\u00e0ng trong vi\u1ec7c qu\u1ea3n l\u00fd c\u00e1c thi\u1ebft b\u1ecb m\u1ea1ng an to\u00e0n, linh ho\u1ea1t v\u00e0 \u01b0u vi\u1ec7t nh\u1ea5t.<\/p>\n","protected":false},"excerpt":{"rendered":"<p><span style=\"font-size: 16px; color: #ff0000;\">Gi\u00e1 tr\u00ean ch\u01b0a bao g\u1ed3m VAT<\/span><br \/>\n<span style=\"font-size: 16px; color: #ff0000;\">Vui L\u00f2ng Li\u00ean H\u1ec7 \u0110\u1ec3 \u0110\u01b0\u1ee3c Gi\u00e1 T\u1ed1t<\/span><strong><br \/>\nTu\u0309 Ma\u0323ng 36U S\u00e2u D600 \/ tu\u0309 rack 36U s\u00e2u D600\u00a0<\/strong>\u0111\u01b0\u1ee3c <strong>TMC Rack<\/strong> s\u1ea3n xu\u1ea5t v\u00e0 ph\u00e2n ph\u1ed1i v\u1edbi mong mu\u1ed1n mang \u0111\u1ebfn s\u1ef1 thu\u1eadn ti\u1ec7n t\u1ed1i \u01b0u cho Qu\u00fd kh\u00e1ch h\u00e0ng trong vi\u1ec7c qu\u1ea3n l\u00fd c\u00e1c thi\u1ebft b\u1ecb m\u1ea1ng an to\u00e0n, linh ho\u1ea1t v\u00e0 \u01b0u vi\u1ec7t nh\u1ea5t.<\/p>\n","protected":false},"featured_media":1627,"comment_status":"open","ping_status":"closed","template":"","meta":[],"product_cat":[17,227],"product_tag":[],"_links":{"self":[{"href":"https:\/\/www.tmcrack.vn\/vn\/wp-json\/wp\/v2\/product\/1456"}],"collection":[{"href":"https:\/\/www.tmcrack.vn\/vn\/wp-json\/wp\/v2\/product"}],"about":[{"href":"https:\/\/www.tmcrack.vn\/vn\/wp-json\/wp\/v2\/types\/product"}],"replies":[{"embeddable":true,"href":"https:\/\/www.tmcrack.vn\/vn\/wp-json\/wp\/v2\/comments?post=1456"}],"wp:featuredmedia":[{"embeddable":true,"href":"https:\/\/www.tmcrack.vn\/vn\/wp-json\/wp\/v2\/media\/1627"}],"wp:attachment":[{"href":"https:\/\/www.tmcrack.vn\/vn\/wp-json\/wp\/v2\/media?parent=1456"}],"wp:term":[{"taxonomy":"product_cat","embeddable":true,"href":"https:\/\/www.tmcrack.vn\/vn\/wp-json\/wp\/v2\/product_cat?post=1456"},{"taxonomy":"product_tag","embeddable":true,"href":"https:\/\/www.tmcrack.vn\/vn\/wp-json\/wp\/v2\/product_tag?post=1456"}],"curies":[{"name":"wp","href":"https:\/\/api.w.org\/{rel}","templated":true}]}}