{"id":181,"date":"2017-07-04T15:35:52","date_gmt":"2017-07-04T08:35:52","guid":{"rendered":"https:\/\/www.tmcrack.vn\/vn\/?post_type=product&#038;p=181"},"modified":"2025-05-12T05:00:46","modified_gmt":"2025-05-11T22:00:46","slug":"phu-kien-khay-co-dinh-800","status":"publish","type":"product","link":"https:\/\/www.tmcrack.vn\/vn\/tu-mang\/phu-kien-khay-co-dinh-800\/","title":{"rendered":"KHAY C\u1ed0 \u0110\u1ecaNH 800 CH\u1ea4T L\u01af\u1ee2NG, M\u00c0U \u0110EN, TMC-RACK"},"content":{"rendered":"<h2>KHAY C\u1ed0 \u0110\u1ecaNH T\u1ee6 M\u1ea0NG T\u1ee6 RACK S\u00c2U D800<\/h2>\n<p><strong>TH\u00d4NG S\u1ed0 K\u1ef8 THU\u1eacT<\/strong><br \/>\n&#8211; M\u00e3 s\u1ea3n ph\u1ea9m: TMC-F800<br \/>\n&#8211; K\u00edch th\u01b0\u1edbc th\u1ef1c<img decoding=\"async\" loading=\"lazy\" class=\"alignnone size-medium wp-image-1551\" src=\"https:\/\/www.tmcrack.vn\/vn\/wp-content\/uploads\/2017\/07\/B-Khay-c\u1ed1-\u0111\u1ecbnh-\u0111en-300x300.jpg\" alt=\"\" width=\"300\" height=\"300\" srcset=\"https:\/\/www.tmcrack.vn\/vn\/wp-content\/uploads\/2017\/07\/B-Khay-c\u1ed1-\u0111\u1ecbnh-\u0111en-300x300.jpg 300w, https:\/\/www.tmcrack.vn\/vn\/wp-content\/uploads\/2017\/07\/B-Khay-c\u1ed1-\u0111\u1ecbnh-\u0111en-100x100.jpg 100w, https:\/\/www.tmcrack.vn\/vn\/wp-content\/uploads\/2017\/07\/B-Khay-c\u1ed1-\u0111\u1ecbnh-\u0111en.jpg 400w\" sizes=\"(max-width: 300px) 100vw, 300px\" \/>: D600mm,chu\u1ea9n 19&#8242;.<br \/>\n&#8211; Khay c\u1ed1 \u0111\u1ecbnh \u0111\u01b0\u1ee3c d\u00f9ng \u0111\u1ec3 \u0111\u1ee1 nh\u1eefng thi\u1ebft b\u1ecb kh\u00f4ng c\u00f3 kh\u1ea3 n\u0103ng ho\u1eb7c kh\u00f4ng ti\u1ec7n v\u1edbi vi\u1ec7c g\u00e1 tr\u1ef1c ti\u1ebfp l\u00ean thanh ti\u00eau chu\u1ea9n.<br \/>\n&#8211; V\u1eadt li\u1ec7u l\u00e0m khay c\u1ed1 \u0111\u1ecbnh s\u00e2u 800 l\u00e0 th\u00e9p t\u1ea5m d\u1ea7y 1mm \u0111\u1ebfn 1,2mm v\u00e0 \u0111\u01b0\u1ee3c \u0111\u1ed9t l\u1ed7 nh\u1eb1m \u0111\u1ea3m b\u1ea3o s\u1ef1 th\u00f4ng tho\u00e1ng v\u00e0 gi\u1ea3m kh\u1ed1i l\u01b0\u1ee3ng.<br \/>\n&#8211; Khay \u0111\u01b0\u1ee3c g\u00e1 l\u00ean khung ti\u00eau chu\u1ea9n b\u1edfi 4 v\u00edt \u1edf hai b\u00ean th\u00e0nh khay.<br \/>\n&#8211; T\u1ea3i tr\u1ecdng ch\u1ecbu \u0111\u01b0\u1ee3c c\u1ee7a khay: 30-45 kg<\/p>\n","protected":false},"excerpt":{"rendered":"<ul class=\"product_info\">\n<li>\n<h2>KHAY C\u1ed0 \u0110\u1ecaNH 800 CH\u1ea4T L\u01af\u1ee2NG,M\u00c0U \u0110EN,TMC-RACK<\/h2>\n<\/li>\n<li>M\u00e3 s\u1ea3n ph\u1ea9m:\u00a0<strong>TMC-F800<\/strong><\/li>\n<li>Gi\u00e1 b\u00e1n:\u00a0<span class=\"money\">265.000 VND<\/span><\/li>\n<li>\n<p class=\"text-justify\">Gi\u00e1 tr\u00ean ch\u01b0a bao g\u1ed3m VAT<br \/>\nVui L\u00f2ng Li\u00ean H\u1ec7 \u0110\u1ec3 \u0110\u01b0\u1ee3c Gi\u00e1 T\u1ed1t Nh\u1ea5t<br \/>\nKhay C\u1ed1 \u0111\u1ecbnh 800 th\u01b0\u1eddng d\u00f9ng trong t\u1ee7 rack, b\u1ecf c\u00e1c thi\u1ebft b\u1ecb kh\u00f4ng ph\u1ee5 tr\u1ee3 b\u1eaft rack,c\u00f3 tr\u1ecdng l\u01b0\u1ee3ng n\u1eb7ng.<\/p>\n<p>&nbsp;<\/li>\n<\/ul>\n","protected":false},"featured_media":1551,"comment_status":"open","ping_status":"closed","template":"","meta":[],"product_cat":[280],"product_tag":[48],"_links":{"self":[{"href":"https:\/\/www.tmcrack.vn\/vn\/wp-json\/wp\/v2\/product\/181"}],"collection":[{"href":"https:\/\/www.tmcrack.vn\/vn\/wp-json\/wp\/v2\/product"}],"about":[{"href":"https:\/\/www.tmcrack.vn\/vn\/wp-json\/wp\/v2\/types\/product"}],"replies":[{"embeddable":true,"href":"https:\/\/www.tmcrack.vn\/vn\/wp-json\/wp\/v2\/comments?post=181"}],"wp:featuredmedia":[{"embeddable":true,"href":"https:\/\/www.tmcrack.vn\/vn\/wp-json\/wp\/v2\/media\/1551"}],"wp:attachment":[{"href":"https:\/\/www.tmcrack.vn\/vn\/wp-json\/wp\/v2\/media?parent=181"}],"wp:term":[{"taxonomy":"product_cat","embeddable":true,"href":"https:\/\/www.tmcrack.vn\/vn\/wp-json\/wp\/v2\/product_cat?post=181"},{"taxonomy":"product_tag","embeddable":true,"href":"https:\/\/www.tmcrack.vn\/vn\/wp-json\/wp\/v2\/product_tag?post=181"}],"curies":[{"name":"wp","href":"https:\/\/api.w.org\/{rel}","templated":true}]}}