{"id":183,"date":"2017-07-04T15:37:41","date_gmt":"2017-07-04T08:37:41","guid":{"rendered":"https:\/\/www.tmcrack.vn\/vn\/?post_type=product&#038;p=183"},"modified":"2023-03-31T10:33:56","modified_gmt":"2023-03-31T03:33:56","slug":"phu-kien-khay-truot-600","status":"publish","type":"product","link":"https:\/\/www.tmcrack.vn\/vn\/tu-mang\/phu-kien-khay-truot-600\/","title":{"rendered":"KHAY TR\u01af\u1ee2T S\u00c2U 600 CH\u1ea4T L\u01af\u1ee2NG, TMC-RACK"},"content":{"rendered":"<h2><span style=\"font-size: 18px\">KHAY TR\u01af\u1ee2T T\u1ee6 M\u1ea0NG T\u1ee6 RACK S\u00c2U D600<\/span><\/p>\n<p><span style=\"font-size: 14px\"><strong>TH\u00d4NG S\u1ed0 K\u1ef8 THU\u1eacT<\/strong><\/span><br \/>\n<span style=\"font-size: 14px\">&#8211; M\u00e3 s\u1ea3n ph\u1ea9m: TMC-S600B<\/span><br \/>\n<span style=\"font-size: 14px\">&#8211; K\u00edch th\u01b0\u1edbc th\u1ef1c: D400mm, chu\u1ea9n 19&#8242;.<\/span><br \/>\n<span style=\"font-size: 14px\">&#8211; T\u1ea3i tr\u1ecdng ch\u1ecbu \u0111\u01b0\u1ee3c c\u1ee7a khay tr\u01b0\u1ee3t: 10-15 kg.<\/span><br \/>\n<span style=\"font-size: 14px\">&#8211;\u00a0Khay tr\u01b0\u1ee3t\u00a0\u0111\u01b0\u1ee3c d\u00f9ng \u0111\u1ec3 \u0111\u1ee1 nh\u1eefng thi\u1ebft b\u1ecb kh\u00f4ng c\u00f3 kh\u1ea3 n\u0103ng ho\u1eb7c kh\u00f4ng ti\u1ec7n v\u1edbi vi\u1ec7c g\u00e1 tr\u1ef1c ti\u1ebfp l\u00ean thanh ti\u00eau chu\u1ea9n.<\/span><br \/>\n<span style=\"font-size: 14px\">&#8211; V\u1eadt li\u1ec7u l\u00e0m khay l\u00e0 th\u00e9p t\u1ea5m d\u1ea7y 1mm \u0111\u1ebfn 1,2mm v\u00e0 \u0111\u01b0\u1ee3c \u0111\u1ed9t l\u1ed7 nh\u1eb1m \u0111\u1ea3m b\u1ea3o s\u1ef1 th\u00f4ng tho\u00e1ng v\u00e0 gi\u1ea3m kh\u1ed1i l\u01b0\u1ee3ng..<\/span><br \/>\n<span style=\"font-size: 14px\">&#8211; Khay \u0111\u01b0\u1ee3c g\u00e1 l\u00ean khung ti\u00eau chu\u1ea9n b\u1edfi 4 v\u00edt \u1edf hai b\u00ean th\u00e0nh khay&#8230;<\/span><\/h2>\n<p><img decoding=\"async\" loading=\"lazy\" class=\"alignnone size-medium wp-image-1555\" src=\"https:\/\/www.tmcrack.vn\/vn\/wp-content\/uploads\/2017\/07\/B-Khay-tr\u01b0\u1ee3t-\u0111en-300x300.jpg\" alt=\"\" width=\"300\" height=\"300\" srcset=\"https:\/\/www.tmcrack.vn\/vn\/wp-content\/uploads\/2017\/07\/B-Khay-tr\u01b0\u1ee3t-\u0111en-300x300.jpg 300w, https:\/\/www.tmcrack.vn\/vn\/wp-content\/uploads\/2017\/07\/B-Khay-tr\u01b0\u1ee3t-\u0111en-100x100.jpg 100w, https:\/\/www.tmcrack.vn\/vn\/wp-content\/uploads\/2017\/07\/B-Khay-tr\u01b0\u1ee3t-\u0111en.jpg 400w\" sizes=\"(max-width: 300px) 100vw, 300px\" \/><\/p>\n","protected":false},"excerpt":{"rendered":"<ul class=\"product_info\">\n<li>M\u00e3 s\u1ea3n ph\u1ea9m:\u00a0<strong>TMC-S600B<\/strong><\/li>\n<li>Gi\u00e1 b\u00e1n:\u00a0<span class=\"money\">330.000 VND<\/span><\/li>\n<li>\n<p class=\"text-justify\">Gi\u00e1 tr\u00ean ch\u01b0a bao g\u1ed3m VAT<br \/>\nVui L\u00f2ng Li\u00ean H\u1ec7 \u0110\u1ec3 \u0110\u01b0\u1ee3c Gi\u00e1 T\u1ed1t Nh\u1ea5t<br \/>\nKhay tr\u01b0\u1ee3t 600 d\u00f9ng \u0111\u1ec3 \u0111\u1ee1 nh\u1eefng thi\u1ebft b\u1ecb kh\u00f4ng c\u00f3 kh\u1ea3 n\u0103ng ho\u1eb7c kh\u00f4ng ti\u1ec7n v\u1edbi vi\u1ec7c g\u00e1 tr\u1ef1c ti\u1ebfp l\u00ean thanh ti\u00eau chu\u1ea9n.<\/p>\n<\/li>\n<\/ul>\n","protected":false},"featured_media":1555,"comment_status":"open","ping_status":"closed","template":"","meta":[],"product_cat":[280],"product_tag":[50],"_links":{"self":[{"href":"https:\/\/www.tmcrack.vn\/vn\/wp-json\/wp\/v2\/product\/183"}],"collection":[{"href":"https:\/\/www.tmcrack.vn\/vn\/wp-json\/wp\/v2\/product"}],"about":[{"href":"https:\/\/www.tmcrack.vn\/vn\/wp-json\/wp\/v2\/types\/product"}],"replies":[{"embeddable":true,"href":"https:\/\/www.tmcrack.vn\/vn\/wp-json\/wp\/v2\/comments?post=183"}],"wp:featuredmedia":[{"embeddable":true,"href":"https:\/\/www.tmcrack.vn\/vn\/wp-json\/wp\/v2\/media\/1555"}],"wp:attachment":[{"href":"https:\/\/www.tmcrack.vn\/vn\/wp-json\/wp\/v2\/media?parent=183"}],"wp:term":[{"taxonomy":"product_cat","embeddable":true,"href":"https:\/\/www.tmcrack.vn\/vn\/wp-json\/wp\/v2\/product_cat?post=183"},{"taxonomy":"product_tag","embeddable":true,"href":"https:\/\/www.tmcrack.vn\/vn\/wp-json\/wp\/v2\/product_tag?post=183"}],"curies":[{"name":"wp","href":"https:\/\/api.w.org\/{rel}","templated":true}]}}