{"id":186,"date":"2017-07-04T15:40:59","date_gmt":"2017-07-04T08:40:59","guid":{"rendered":"https:\/\/www.tmcrack.vn\/vn\/?post_type=product&#038;p=186"},"modified":"2023-03-31T10:31:39","modified_gmt":"2023-03-31T03:31:39","slug":"phu-kien-quan-li-cap-co-nap-che-1u","status":"publish","type":"product","link":"https:\/\/www.tmcrack.vn\/vn\/tu-mang\/phu-kien-quan-li-cap-co-nap-che-1u\/","title":{"rendered":"THANH QU\u1ea2N L\u00dd C\u00c1P NGANG CHO T\u1ee6 RACK 1U TMC RACK"},"content":{"rendered":"<h1><span style=\"font-size: 18px\">*Gi\u00e1 Tr\u00ean Ch\u01b0a Bao G\u1ed3m Vat<\/span><\/h1>\n<h1><span style=\"font-size: 18px\">THANH QU\u1ea2N L\u00dd C\u00c1P NGANG CHO T\u1ee6 RACK<\/span><\/h1>\n<p><strong>Thanh qu\u1ea3n l\u00fd c\u00e1p m\u1ea1ng ngang\u00a0<\/strong>c\u00f3 chi\u1ec1u cao 1u cho t\u1ee7 RACK 19inch l\u00e0 tr\u1ee3 th\u1ee7 \u0111\u1eafc l\u1ef1c gi\u00fap ki\u1ec3m so\u00e1t to\u00e0n b\u1ed9 d\u00e2y m\u1ea1ng, thi\u1ebft b\u1ecb m\u1ea1ng d\u1ec5 d\u00e0ng h\u01a1n trong vi\u1ec7c k\u1ebft n\u1ed1i thi\u1ebft b\u1ecb, thanh qu\u1ea3n l\u00fd c\u00e1p trong\u00a0<strong>t\u1ee7 rack\u00a0<\/strong>t\u1ed1t h\u01a1n, gi\u00fap k\u1ef9 thu\u1eadt qu\u1ea3n l\u00fd d\u00e2y chuy\u00ean nghi\u1ec7p, g\u1ecdn g\u00e0ng, th\u1ea9m m\u1ef9.<br \/>\nNgo\u00e0i ra thanh qu\u1ea3n l\u00fd c\u00e1p ngang cho<strong>\u00a0t\u1ee7 rack<\/strong>\u00a0c\u00f2n c\u00f3 t\u00e1c d\u1ee5ng d\u1ec5 d\u00e0ng s\u1eeda ch\u1eefa thay m\u1edbi khi c\u00f3 l\u1ed7i ph\u00e1t sinh hay \u0111\u1ea3m b\u1ea3o \u0111\u1ed9 b\u1ec1n cho thi\u1ebft b\u1ecb s\u1eed d\u1ee5ng<\/p>\n<p><img decoding=\"async\" loading=\"lazy\" class=\"alignnone size-medium wp-image-1559\" src=\"https:\/\/www.tmcrack.vn\/vn\/wp-content\/uploads\/2017\/07\/QLC-TMC-2-300x300.jpg\" alt=\"\" width=\"300\" height=\"300\" srcset=\"https:\/\/www.tmcrack.vn\/vn\/wp-content\/uploads\/2017\/07\/QLC-TMC-2-300x300.jpg 300w, https:\/\/www.tmcrack.vn\/vn\/wp-content\/uploads\/2017\/07\/QLC-TMC-2-100x100.jpg 100w, https:\/\/www.tmcrack.vn\/vn\/wp-content\/uploads\/2017\/07\/QLC-TMC-2-600x600.jpg 600w, https:\/\/www.tmcrack.vn\/vn\/wp-content\/uploads\/2017\/07\/QLC-TMC-2.jpg 1000w\" sizes=\"(max-width: 300px) 100vw, 300px\" \/><\/p>\n<p>&#8211;\u00a0Thanh qu\u1ea3n l\u00fd c\u00e1p m\u1ea1ng ngang\u00a0cho t\u1ee7 RACK \u0111\u01b0\u1ee3c thi\u1ebft k\u1ebf theo chu\u1ea9n 19 inch c\u1ee7a\u00a0t\u1ee7 RACK\u00a0d\u00f9ng \u0111\u1ec3 qu\u1ea3n l\u00fd h\u1ec7 th\u1ed1ng d\u00e2y k\u1ebft n\u1ed1i thi\u1ebft b\u1ecb b\u00ean trong\u00a0T\u1ee7 rack, thanh c\u00f3 \u0111\u1ed9 d\u00e0i r\u1ed9ng 1U n\u00ean r\u1ea5t nh\u1ecf g\u1ecdn v\u00e0 \u0111a d\u1ee5ng.<br \/>\nC\u00e1c g\u00f3c c\u1ea1nh c\u1ee7a thanh qu\u1ea3n l\u00fd c\u00e1p ngang cho t\u1ee7 Rack<br \/>\n&#8211;\u00a0Thanh qu\u1ea3n l\u00fd c\u00e1p ngang 1U\u00a0\u0111\u01b0\u1ee3c s\u1ea3n xu\u1ea5t b\u1eb1ng th\u00e9p cao c\u1ea5p \u0111\u00fac s\u1eb5n , \u0111\u01b0\u1ee3c m\u1ea1 ch\u1ed1ng t\u0129nh \u0111i\u1ec7n gi\u00fap kh\u00f4ng b\u1ecb ch\u1eadp \u0111i\u1ec7n v\u00e0 \u0111\u1ed3ng th\u1eddi r\u1ea5t ch\u1eafc kh\u1ecfe.<\/p>\n<p>&#8211;\u00a0Cable Management 19 inch Panel\u00a0l\u00e0 ph\u1ee5 ki\u1ec7n kh\u00f4ng th\u1ec3 thi\u1ebfu cho nh\u1eefng nh\u00e0 qu\u1ea3n tr\u1ecb m\u1ea1ng chuy\u00ean nghi\u1ec7p hay l\u00e0m vi\u1ec7c v\u1edbi\u00a0t\u1ee7 rack\u00a0v\u1edbi 1 m\u1edb d\u00e2y c\u00e1p lo\u1eb1ng ngo\u1eb1ng.<\/p>\n<p><img decoding=\"async\" loading=\"lazy\" class=\"alignnone size-medium wp-image-1560\" src=\"https:\/\/www.tmcrack.vn\/vn\/wp-content\/uploads\/2017\/07\/QLC-TMC-300x300.jpg\" alt=\"\" width=\"300\" height=\"300\" srcset=\"https:\/\/www.tmcrack.vn\/vn\/wp-content\/uploads\/2017\/07\/QLC-TMC-300x300.jpg 300w, https:\/\/www.tmcrack.vn\/vn\/wp-content\/uploads\/2017\/07\/QLC-TMC-100x100.jpg 100w, https:\/\/www.tmcrack.vn\/vn\/wp-content\/uploads\/2017\/07\/QLC-TMC-600x600.jpg 600w, https:\/\/www.tmcrack.vn\/vn\/wp-content\/uploads\/2017\/07\/QLC-TMC-150x150.jpg 150w, https:\/\/www.tmcrack.vn\/vn\/wp-content\/uploads\/2017\/07\/QLC-TMC-768x768.jpg 768w, https:\/\/www.tmcrack.vn\/vn\/wp-content\/uploads\/2017\/07\/QLC-TMC-180x180.jpg 180w, https:\/\/www.tmcrack.vn\/vn\/wp-content\/uploads\/2017\/07\/QLC-TMC.jpg 1000w\" sizes=\"(max-width: 300px) 100vw, 300px\" \/><\/p>\n","protected":false},"excerpt":{"rendered":"<ul class=\"product_info\">\n<li>M\u00e3 s\u1ea3n ph\u1ea9m:\u00a0<strong>TMC-HCM1U<\/strong><\/li>\n<li>Gi\u00e1 b\u00e1n:\u00a0<span class=\"money\">200.000 VND<\/span><\/li>\n<li>\n<p class=\"text-justify\">Thanh qu\u1ea3n l\u00fd c\u00e1p ngang chu\u1ea9n 19 inch cho t\u1ee7 rack, t\u1ee7 m\u1ea1ng.<br \/>\n\u0110\u01b0\u1ee3c thi\u1ebft k\u1ebf ph\u00f9 h\u1ee3p cho vi\u1ec7c lu\u1ed3n d\u00e2y v\u00e0 c\u00f3 n\u1eafp \u0111\u1eady n\u00ean d\u00e2y m\u1ea1ng \u0111i qua s\u1ebd r\u1ea5t chuy\u00ean nghi\u1ec7p v\u00e0 th\u1ea9m m\u1ef9.<\/p>\n<\/li>\n<\/ul>\n","protected":false},"featured_media":1559,"comment_status":"open","ping_status":"closed","template":"","meta":[],"product_cat":[280],"product_tag":[52],"_links":{"self":[{"href":"https:\/\/www.tmcrack.vn\/vn\/wp-json\/wp\/v2\/product\/186"}],"collection":[{"href":"https:\/\/www.tmcrack.vn\/vn\/wp-json\/wp\/v2\/product"}],"about":[{"href":"https:\/\/www.tmcrack.vn\/vn\/wp-json\/wp\/v2\/types\/product"}],"replies":[{"embeddable":true,"href":"https:\/\/www.tmcrack.vn\/vn\/wp-json\/wp\/v2\/comments?post=186"}],"wp:featuredmedia":[{"embeddable":true,"href":"https:\/\/www.tmcrack.vn\/vn\/wp-json\/wp\/v2\/media\/1559"}],"wp:attachment":[{"href":"https:\/\/www.tmcrack.vn\/vn\/wp-json\/wp\/v2\/media?parent=186"}],"wp:term":[{"taxonomy":"product_cat","embeddable":true,"href":"https:\/\/www.tmcrack.vn\/vn\/wp-json\/wp\/v2\/product_cat?post=186"},{"taxonomy":"product_tag","embeddable":true,"href":"https:\/\/www.tmcrack.vn\/vn\/wp-json\/wp\/v2\/product_tag?post=186"}],"curies":[{"name":"wp","href":"https:\/\/api.w.org\/{rel}","templated":true}]}}