{"id":188,"date":"2017-07-04T15:43:10","date_gmt":"2017-07-04T08:43:10","guid":{"rendered":"https:\/\/www.tmcrack.vn\/vn\/?post_type=product&#038;p=188"},"modified":"2023-03-31T10:31:51","modified_gmt":"2023-03-31T03:31:51","slug":"phu-kien-o-dien-6-cong-co-cb","status":"publish","type":"product","link":"https:\/\/www.tmcrack.vn\/vn\/tu-mang\/phu-kien-o-dien-6-cong-co-cb\/","title":{"rendered":"\u1ed4 C\u0102\u0301M \u0110I\u1ec6N \u0110A N\u0102NG 6 C\u1ed4NG CB 20A"},"content":{"rendered":"<p><strong>* \u1ed4 \u0111i\u1ec7n rack 6 c\u1ed5ng, c\u00f3 CB, 20A, kh\u00f4ng \u0111\u1ea7u c\u1eafm,\u00a019\u2033, 1U,\u00a0D\u00e2y d\u00e0i 1.5m, 3*2.5mm<sup>2<\/sup><\/strong>.<br \/>\n<strong>Gi\u00e1 b\u00e1n: 420.000 VND<\/strong>\u00a0(Ch\u01b0a bao g\u1ed3m VAT)<\/p>\n<p><img decoding=\"async\" loading=\"lazy\" class=\"alignnone size-medium wp-image-1545\" src=\"https:\/\/www.tmcrack.vn\/vn\/wp-content\/uploads\/2017\/07\/Pdu-6-Port-Kh\u00f4ng-\u0110\u1ea7u-c\u1eafm-300x300.jpg\" alt=\"\" width=\"300\" height=\"300\" srcset=\"https:\/\/www.tmcrack.vn\/vn\/wp-content\/uploads\/2017\/07\/Pdu-6-Port-Kh\u00f4ng-\u0110\u1ea7u-c\u1eafm-300x300.jpg 300w, https:\/\/www.tmcrack.vn\/vn\/wp-content\/uploads\/2017\/07\/Pdu-6-Port-Kh\u00f4ng-\u0110\u1ea7u-c\u1eafm-100x100.jpg 100w, https:\/\/www.tmcrack.vn\/vn\/wp-content\/uploads\/2017\/07\/Pdu-6-Port-Kh\u00f4ng-\u0110\u1ea7u-c\u1eafm-600x600.jpg 600w, https:\/\/www.tmcrack.vn\/vn\/wp-content\/uploads\/2017\/07\/Pdu-6-Port-Kh\u00f4ng-\u0110\u1ea7u-c\u1eafm-150x150.jpg 150w, https:\/\/www.tmcrack.vn\/vn\/wp-content\/uploads\/2017\/07\/Pdu-6-Port-Kh\u00f4ng-\u0110\u1ea7u-c\u1eafm-768x768.jpg 768w, https:\/\/www.tmcrack.vn\/vn\/wp-content\/uploads\/2017\/07\/Pdu-6-Port-Kh\u00f4ng-\u0110\u1ea7u-c\u1eafm-180x180.jpg 180w, https:\/\/www.tmcrack.vn\/vn\/wp-content\/uploads\/2017\/07\/Pdu-6-Port-Kh\u00f4ng-\u0110\u1ea7u-c\u1eafm.jpg 1000w\" sizes=\"(max-width: 300px) 100vw, 300px\" \/><\/p>\n<p><strong>* \u1ed4 \u0111i\u1ec7n rack 6 c\u1ed5ng, c\u00f3 CB, 16A,\u00a0\u0111\u1ea7u c\u1eafm 2 ch\u1ea5u,\u00a019\u2033, 1U,\u00a0D\u00e2y d\u00e0i 3m, 2*1.5mm<sup>2<\/sup><\/strong><br \/>\n<strong>Gi\u00e1 b\u00e1n: 470.000 VND<\/strong>\u00a0(Ch\u01b0a bao g\u1ed3m VAT)<\/p>\n<p><img decoding=\"async\" loading=\"lazy\" class=\"alignnone size-medium wp-image-1546\" src=\"https:\/\/www.tmcrack.vn\/vn\/wp-content\/uploads\/2017\/07\/6-port-cb-c\u00f3-jack-2-300x300.jpg\" alt=\"\" width=\"300\" height=\"300\" srcset=\"https:\/\/www.tmcrack.vn\/vn\/wp-content\/uploads\/2017\/07\/6-port-cb-c\u00f3-jack-2-300x300.jpg 300w, https:\/\/www.tmcrack.vn\/vn\/wp-content\/uploads\/2017\/07\/6-port-cb-c\u00f3-jack-2-100x100.jpg 100w, https:\/\/www.tmcrack.vn\/vn\/wp-content\/uploads\/2017\/07\/6-port-cb-c\u00f3-jack-2-600x600.jpg 600w, https:\/\/www.tmcrack.vn\/vn\/wp-content\/uploads\/2017\/07\/6-port-cb-c\u00f3-jack-2-150x150.jpg 150w, https:\/\/www.tmcrack.vn\/vn\/wp-content\/uploads\/2017\/07\/6-port-cb-c\u00f3-jack-2-768x768.jpg 768w, https:\/\/www.tmcrack.vn\/vn\/wp-content\/uploads\/2017\/07\/6-port-cb-c\u00f3-jack-2-180x180.jpg 180w, https:\/\/www.tmcrack.vn\/vn\/wp-content\/uploads\/2017\/07\/6-port-cb-c\u00f3-jack-2.jpg 1000w\" sizes=\"(max-width: 300px) 100vw, 300px\" \/><\/p>\n<p><strong>* \u1ed4 \u0111i\u1ec7n rack 6 c\u1ed5ng, c\u00f3 CB, 20A,\u00a0\u0111\u1ea7u c\u1eafm 3 ch\u1ea5u,\u00a019\u2033, 1U,\u00a0D\u00e2y d\u00e0i 1.5m, 3*2.5mm<sup>2<\/sup><\/strong><br \/>\n<strong>Gi\u00e1 b\u00e1n: 470.000 VND<\/strong>\u00a0(Ch\u01b0a bao g\u1ed3m VAT)<\/p>\n<p><img decoding=\"async\" loading=\"lazy\" class=\"alignnone size-medium wp-image-1547\" src=\"https:\/\/www.tmcrack.vn\/vn\/wp-content\/uploads\/2017\/07\/pdu-6-port-cb-c\u00f3-\u0111\u1ea7u-c\u1eafm-300x300.jpg\" alt=\"\" width=\"300\" height=\"300\" srcset=\"https:\/\/www.tmcrack.vn\/vn\/wp-content\/uploads\/2017\/07\/pdu-6-port-cb-c\u00f3-\u0111\u1ea7u-c\u1eafm-300x300.jpg 300w, https:\/\/www.tmcrack.vn\/vn\/wp-content\/uploads\/2017\/07\/pdu-6-port-cb-c\u00f3-\u0111\u1ea7u-c\u1eafm-100x100.jpg 100w, https:\/\/www.tmcrack.vn\/vn\/wp-content\/uploads\/2017\/07\/pdu-6-port-cb-c\u00f3-\u0111\u1ea7u-c\u1eafm-600x600.jpg 600w, https:\/\/www.tmcrack.vn\/vn\/wp-content\/uploads\/2017\/07\/pdu-6-port-cb-c\u00f3-\u0111\u1ea7u-c\u1eafm-150x150.jpg 150w, https:\/\/www.tmcrack.vn\/vn\/wp-content\/uploads\/2017\/07\/pdu-6-port-cb-c\u00f3-\u0111\u1ea7u-c\u1eafm-768x768.jpg 768w, https:\/\/www.tmcrack.vn\/vn\/wp-content\/uploads\/2017\/07\/pdu-6-port-cb-c\u00f3-\u0111\u1ea7u-c\u1eafm-180x180.jpg 180w, https:\/\/www.tmcrack.vn\/vn\/wp-content\/uploads\/2017\/07\/pdu-6-port-cb-c\u00f3-\u0111\u1ea7u-c\u1eafm.jpg 1000w\" sizes=\"(max-width: 300px) 100vw, 300px\" \/><\/p>\n<p><strong>* \u1ed4 \u0111i\u1ec7n rack 6 c\u1ed5ng, c\u00f3 CB, 20A,\u00a0\u0111\u1ea7u c\u1eafm C\u00f4ng nghi\u1ec7p,\u00a019\u2033, 1U,\u00a0D\u00e2y d\u00e0i 1.5m, 3*2.5mm<sup>2<\/sup>\u00a0<\/strong><br \/>\n<strong>Gi\u00e1 b\u00e1n: 520.000 VND<\/strong>\u00a0(Ch\u01b0a bao g\u1ed3m VAT)<\/p>\n<p><img decoding=\"async\" loading=\"lazy\" class=\"alignnone size-medium wp-image-1548\" src=\"https:\/\/www.tmcrack.vn\/vn\/wp-content\/uploads\/2017\/07\/pdu-6-port-cb-c\u00f3-\u0111\u1ea7u-c\u1eafm-cong-nghiep-300x300.jpg\" alt=\"\" width=\"300\" height=\"300\" srcset=\"https:\/\/www.tmcrack.vn\/vn\/wp-content\/uploads\/2017\/07\/pdu-6-port-cb-c\u00f3-\u0111\u1ea7u-c\u1eafm-cong-nghiep-300x300.jpg 300w, https:\/\/www.tmcrack.vn\/vn\/wp-content\/uploads\/2017\/07\/pdu-6-port-cb-c\u00f3-\u0111\u1ea7u-c\u1eafm-cong-nghiep-100x100.jpg 100w, https:\/\/www.tmcrack.vn\/vn\/wp-content\/uploads\/2017\/07\/pdu-6-port-cb-c\u00f3-\u0111\u1ea7u-c\u1eafm-cong-nghiep-600x600.jpg 600w, https:\/\/www.tmcrack.vn\/vn\/wp-content\/uploads\/2017\/07\/pdu-6-port-cb-c\u00f3-\u0111\u1ea7u-c\u1eafm-cong-nghiep-150x150.jpg 150w, https:\/\/www.tmcrack.vn\/vn\/wp-content\/uploads\/2017\/07\/pdu-6-port-cb-c\u00f3-\u0111\u1ea7u-c\u1eafm-cong-nghiep-768x768.jpg 768w, https:\/\/www.tmcrack.vn\/vn\/wp-content\/uploads\/2017\/07\/pdu-6-port-cb-c\u00f3-\u0111\u1ea7u-c\u1eafm-cong-nghiep-180x180.jpg 180w, https:\/\/www.tmcrack.vn\/vn\/wp-content\/uploads\/2017\/07\/pdu-6-port-cb-c\u00f3-\u0111\u1ea7u-c\u1eafm-cong-nghiep.jpg 1000w\" sizes=\"(max-width: 300px) 100vw, 300px\" \/><\/p>\n","protected":false},"excerpt":{"rendered":"<ul class=\"product_info\">\n<li>\n<h2>\u1ed4 C\u0102\u0301M \u0110I\u1ec6N \u0110A N\u0102NG 6 <strong>* \u1ed4 \u0111i\u1ec7n rack 6 c\u1ed5ng, c\u00f3 CB, 20A, kh\u00f4ng \u0111\u1ea7u c\u1eafm,\u00a019\u2033, 1U,\u00a0D\u00e2y d\u00e0i 1.5m, 3*2.5mm<sup>2<\/sup><\/strong>.<br \/>\n<strong>Gi\u00e1 b\u00e1n: 420.000 VND<\/strong>\u00a0(Ch\u01b0a bao g\u1ed3m VAT)C\u1ed4NG CB 20A<\/h2>\n<\/li>\n<li>M\u00e3 s\u1ea3n ph\u1ea9m:\u00a0<strong>TMC-PDU6CB<\/strong><\/li>\n<li>Gi\u00e1 b\u00e1n:\u00a0<span class=\"money\">420.000 VND<\/span><\/li>\n<li>\n<p class=\"text-justify\">*Gi\u00e1 Tr\u00ean Ch\u01b0a Bao G\u1ed3m Vat<br \/>\n\u1ed4 \u0111i\u1ec7n 6 c\u1ed5ng, c\u00f3 CB, 20A.\u00a019\u2033, 1U, Th\u01b0\u1eddng d\u00f9ng cho t\u1ee7 rack.<\/p>\n<\/li>\n<\/ul>\n","protected":false},"featured_media":1549,"comment_status":"open","ping_status":"closed","template":"","meta":[],"product_cat":[280],"product_tag":[55,54],"_links":{"self":[{"href":"https:\/\/www.tmcrack.vn\/vn\/wp-json\/wp\/v2\/product\/188"}],"collection":[{"href":"https:\/\/www.tmcrack.vn\/vn\/wp-json\/wp\/v2\/product"}],"about":[{"href":"https:\/\/www.tmcrack.vn\/vn\/wp-json\/wp\/v2\/types\/product"}],"replies":[{"embeddable":true,"href":"https:\/\/www.tmcrack.vn\/vn\/wp-json\/wp\/v2\/comments?post=188"}],"wp:featuredmedia":[{"embeddable":true,"href":"https:\/\/www.tmcrack.vn\/vn\/wp-json\/wp\/v2\/media\/1549"}],"wp:attachment":[{"href":"https:\/\/www.tmcrack.vn\/vn\/wp-json\/wp\/v2\/media?parent=188"}],"wp:term":[{"taxonomy":"product_cat","embeddable":true,"href":"https:\/\/www.tmcrack.vn\/vn\/wp-json\/wp\/v2\/product_cat?post=188"},{"taxonomy":"product_tag","embeddable":true,"href":"https:\/\/www.tmcrack.vn\/vn\/wp-json\/wp\/v2\/product_tag?post=188"}],"curies":[{"name":"wp","href":"https:\/\/api.w.org\/{rel}","templated":true}]}}