{"id":1996,"date":"2025-07-10T12:00:01","date_gmt":"2025-07-10T05:00:01","guid":{"rendered":"https:\/\/www.tmcrack.vn\/vn\/?post_type=product&#038;p=1996"},"modified":"2026-04-09T06:42:57","modified_gmt":"2026-04-08T23:42:57","slug":"tu-mang-12u-outdoor-ngoai-troi-tmc-rack-19-ma-san-pham-tm126od","status":"publish","type":"product","link":"https:\/\/www.tmcrack.vn\/vn\/tu-mang\/tu-mang-12u-outdoor-ngoai-troi-tmc-rack-19-ma-san-pham-tm126od\/","title":{"rendered":"T\u1ee7 M\u1ea1ng 12U Outdoor \u2013 Ngo\u00e0i tr\u1eddi \u2013 TMC Rack 19\u201d \u2013 M\u00e3 s\u1ea3n ph\u1ea9m: TM126OD"},"content":{"rendered":"<p><strong>\u0110\u1eb7c Tr\u01b0ng n\u1ed5i b\u1eadt c\u1ee7a t\u1ee7 m\u1ea1ng 12U600 ngo\u00e0i tr\u1eddi<\/strong><\/p>\n<p>Nh\u00e0 S\u1ea3n xu\u1ea5t:TMC-Rack<br \/>\nK\u00edch th\u01b0\u1edbc t\u1ee7 m\u1ea1ng 12U (W550 x \u00a0H710 x \u00a0D600)<br \/>\nM\u00e0u s\u1eafc:Tr\u1eafng ghi<br \/>\nT\u1ee7 \u0111\u01b0\u1ee3c s\u1ea3n xu\u1ea5t b\u1eb1ng th\u00e9p t\u1ea5m d\u00e0y 1.2mm \u2013 1,5mm \u0111\u01b0\u1ee3c ph\u1ee7 s\u01a1n t\u0129nh \u0111i\u1ec7n ngo\u00e0i tr\u1eddi \u0111\u1ea3m b\u1ea3o \u0111\u1ed9 b\u1ec1n v\u1eefng v\u00e0 t\u00ednh ch\u1ed1ng g\u1ec9.<br \/>\nT\u1ee7 12U ngo\u00e0i tr\u1eddi \u0111\u01b0\u1ee3c thi\u1ebft k\u1ebf c\u1eeda tr\u01b0\u1edbc t\u1ea5m k\u00edn, m\u00e1i d\u1ed1c ch\u1ed1ng m\u01b0a, t\u1ee7 \u0111\u1eb7t b\u1ec7.<br \/>\n<strong>Ph\u1ee5 ki\u1ec7n t\u1ee7 m\u1ea1ng 12U \u0111i k\u00e8m bao g\u1ed3m:<\/strong><br \/>\n&#8211; \u1ed4 kh\u00f3a tam gi\u00e1c chuy\u00ean d\u1ee5ng ngo\u00e0i tr\u1eddi<br \/>\n&#8211; 12 b\u1ed9 \u1ed1c c\u00e0i<br \/>\n&#8211; 1 qu\u1ea1t h\u00fat<br \/>\n&#8211; 1 thanh ngu\u1ed3n 4port \u0111a n\u0103ng.<\/p>\n<div><img decoding=\"async\" loading=\"lazy\" src=\"https:\/\/turacksaigon.com\/uploads\/shops\/2021_05\/10u600-outdoor-3.jpg\" alt=\"10u600 outdoor 3\" width=\"1000\" height=\"1000\" \/><\/div>\n<p>&nbsp;<\/p>\n<div><img decoding=\"async\" loading=\"lazy\" src=\"https:\/\/turacksaigon.com\/uploads\/shops\/2021_05\/10u600-outdoor-2.jpg\" alt=\"10u600 outdoor 2\" width=\"1000\" height=\"1000\" \/><\/div>\n","protected":false},"excerpt":{"rendered":"<p class=\"text-justify\"><span style=\"color: #ed1c24;\">Gi\u00e1 tr\u00ean ch\u01b0a bao g\u1ed3m VAT<\/span><br \/>\n<span style=\"color: #ed1c24;\">Vui L\u00f2ng Li\u00ean H\u1ec7 \u0110\u1ec3 \u0110\u01b0\u1ee3c Gi\u00e1 T\u1ed1t<\/span><br \/>\nT\u1ee7 M\u1ea1ng 12U Outdoor \u0111\u01b0\u1ee3c d\u00f9ng cho c\u00e1c c\u00f4ng tr\u00ecnh.<\/p>\n","protected":false},"featured_media":1997,"comment_status":"open","ping_status":"closed","template":"","meta":[],"product_cat":[288],"product_tag":[],"_links":{"self":[{"href":"https:\/\/www.tmcrack.vn\/vn\/wp-json\/wp\/v2\/product\/1996"}],"collection":[{"href":"https:\/\/www.tmcrack.vn\/vn\/wp-json\/wp\/v2\/product"}],"about":[{"href":"https:\/\/www.tmcrack.vn\/vn\/wp-json\/wp\/v2\/types\/product"}],"replies":[{"embeddable":true,"href":"https:\/\/www.tmcrack.vn\/vn\/wp-json\/wp\/v2\/comments?post=1996"}],"wp:featuredmedia":[{"embeddable":true,"href":"https:\/\/www.tmcrack.vn\/vn\/wp-json\/wp\/v2\/media\/1997"}],"wp:attachment":[{"href":"https:\/\/www.tmcrack.vn\/vn\/wp-json\/wp\/v2\/media?parent=1996"}],"wp:term":[{"taxonomy":"product_cat","embeddable":true,"href":"https:\/\/www.tmcrack.vn\/vn\/wp-json\/wp\/v2\/product_cat?post=1996"},{"taxonomy":"product_tag","embeddable":true,"href":"https:\/\/www.tmcrack.vn\/vn\/wp-json\/wp\/v2\/product_tag?post=1996"}],"curies":[{"name":"wp","href":"https:\/\/api.w.org\/{rel}","templated":true}]}}