{"id":2063,"date":"2026-04-11T08:04:01","date_gmt":"2026-04-11T01:04:01","guid":{"rendered":"https:\/\/www.tmcrack.vn\/vn\/?post_type=product&#038;p=2063"},"modified":"2026-04-11T08:04:02","modified_gmt":"2026-04-11T01:04:02","slug":"tu-mang-20u-sau-d800-khung-han-lien-tmc-rack-19-ma-san-pham-tm208bnl-b","status":"publish","type":"product","link":"https:\/\/www.tmcrack.vn\/vn\/tu-mang\/tu-mang-20u-sau-d800-khung-han-lien-tmc-rack-19-ma-san-pham-tm208bnl-b\/","title":{"rendered":"T\u1ee7 m\u1ea1ng 20U S\u00e2u D800 Khung H\u00e0n Li\u1ec1n \u2013 TMC RACK 19\u2019\u2019 &#8211; M\u00e3 s\u1ea3n ph\u1ea9m: TM208BNL-B"},"content":{"rendered":"<h4>\u0110\u1eb7c tr\u01b0ng c\u01a1 b\u1ea3n c\u1ee7a t\u1ee7 m\u1ea1ng 20U khung h\u00e0n li\u1ec1n S\u00e2u D800 &#8211; TMC RACK 19\u2019\u2019<\/h4>\n<ul>\n<li>Xu\u1ea5t x\u1ee9 \u00a0 \u00a0 \u00a0 \u00a0 \u00a0 \u00a0 \u00a0 \u00a0 \u00a0 \u00a0 \u00a0 \u00a0 \u00a0 \u00a0: Vi\u1ec7t Nam<\/li>\n<li>K\u00edch th\u01b0\u1edbc \u00a0 \u00a0 \u00a0 \u00a0 \u00a0 \u00a0 \u00a0 \u00a0 \u00a0 \u00a0 \u00a0 \u00a0: H972 * W600 * D800 (Chi\u1ec1u cao ch\u01b0a bao g\u1ed3m b\u00e1nh xe).<\/li>\n<li>K\u1ebft c\u1ea5u \u00a0 \u00a0 \u00a0 \u00a0 \u00a0 \u00a0 \u00a0 \u00a0 \u00a0 \u00a0 \u00a0 \u00a0 \u00a0 \u00a0\u00a0: D\u1ea1ng \u0111\u1ee9ng<\/li>\n<li>M\u00e0u s\u1eafc \u00a0 \u00a0 \u00a0 \u00a0 \u00a0 \u00a0 \u00a0 \u00a0 \u00a0 \u00a0 \u00a0 \u00a0 \u00a0 \u00a0: M\u00e0u \u0111en s\u1ea7n<\/li>\n<li>C\u00e1nh tr\u01b0\u1edbc \u00a0 \u00a0 \u00a0 \u00a0 \u00a0 \u00a0 \u00a0 \u00a0 \u00a0 \u00a0 \u00a0 \u00a0: C\u1eeda l\u01b0\u1edbi<\/li>\n<li>T\u1ea3i tr\u1ecdng\u00a0 \u00a0 \u00a0 \u00a0 \u00a0 \u00a0 \u00a0 \u00a0 \u00a0 \u00a0 \u00a0 \u00a0 \u00a0 \u00a0 : 200kg<\/li>\n<li>C\u00e1nh h\u00f4ng \u00a0 \u00a0 \u00a0 \u00a0 \u00a0 \u00a0 \u00a0 \u00a0 \u00a0 \u00a0 \u00a0 \u00a0\u00a0: Hai c\u00e1nh h\u00f4ng h\u00e0n li\u1ec1n kh\u00f4ng th\u00e1o r\u1eddi \u0111\u01b0\u1ee3c<\/li>\n<li>V\u1eadt li\u1ec7u \u00a0 \u00a0 \u00a0 \u00a0 \u00a0 \u00a0 \u00a0 \u00a0 \u00a0 \u00a0 \u00a0 \u00a0 \u00a0 \u00a0 \u00a0: Th\u00e9p t\u1ea5m d\u00e0y 1mm- 1.8mm<\/li>\n<li>Di chuy\u1ec3n \u00a0 \u00a0 \u00a0 \u00a0 \u00a0 \u00a0 \u00a0 \u00a0 \u00a0 \u00a0 \u00a0 \u00a0 \u00a0\u00a0: 04 B\u00e1nh xe \u0111i\u1ec1u h\u01b0\u1edbng, xoay 360 \u0111\u1ed9.<\/li>\n<\/ul>\n<p><strong>Ph\u1ee5 ki\u1ec7n tu\u0309 ma\u0323ng 20U S\u00e2u D800 \/ tu\u0309 rack 20U s\u00e2u D800\u00a0<\/strong><\/p>\n<ul>\n<li>1 b\u1ed9 b\u00e1nh xe, c\u00f3 kh\u00f3a h\u00e3m<\/li>\n<li>1 b\u1ed9 ch\u00e2n \u0111\u1ebf c\u1ed1 \u0111\u1ecbnh<\/li>\n<li>2 b\u1ed9 kh\u00f3a b\u1eadt b\u1ea3o \u0111\u1ea3m an to\u00e0n cho c\u00e1c ph\u1ee5 ki\u1ec7n b\u00ean trong<\/li>\n<li>1 qu\u1ea1t gi\u00f3 t\u1ea3n nhi\u1ec7t \u0111\u01b0\u1ee3c g\u1eafn \u1edf ph\u00eda tr\u00ean t\u1ee7<\/li>\n<li>1 thanh ngu\u1ed3n rack 6 c\u1ed5ng \u0111a n\u0103ng<\/li>\n<li>24 b\u1ed9 \u1ed1c rack<\/li>\n<li>Ngoa\u0300i ra, ng\u01b0\u01a1\u0300i du\u0300ng tu\u0300y y\u0301 cho\u0323n ca\u0301c <a href=\"https:\/\/www.tmcrack.vn\/vn\/san-pham\/phu-kien\/\">phu\u0323 ki\u00ea\u0323n tu\u0309 ma\u0323ng<\/a> t\u01b0\u01a1ng thi\u0301ch theo nhu c\u00e2\u0300u<\/li>\n<li>Ti\u00eau chu\u1ea9n: T\u01b0\u01a1ng th\u00edch c\u00e1c thi\u1ebft b\u1ecb ti\u00eau chu\u1ea9n 19\u201d EIA-310-D<\/li>\n<\/ul>\n<p><img decoding=\"async\" loading=\"lazy\" class=\"aligncenter size-full wp-image-1605\" src=\"https:\/\/www.tmcrack.vn\/vn\/wp-content\/uploads\/2018\/12\/20U-\u0110EN-L\u01af\u1edaI-KL-B-2.jpg\" alt=\"\" width=\"1500\" height=\"1500\" srcset=\"https:\/\/www.tmcrack.vn\/vn\/wp-content\/uploads\/2018\/12\/20U-\u0110EN-L\u01af\u1edaI-KL-B-2.jpg 1500w, https:\/\/www.tmcrack.vn\/vn\/wp-content\/uploads\/2018\/12\/20U-\u0110EN-L\u01af\u1edaI-KL-B-2-300x300.jpg 300w, https:\/\/www.tmcrack.vn\/vn\/wp-content\/uploads\/2018\/12\/20U-\u0110EN-L\u01af\u1edaI-KL-B-2-100x100.jpg 100w, https:\/\/www.tmcrack.vn\/vn\/wp-content\/uploads\/2018\/12\/20U-\u0110EN-L\u01af\u1edaI-KL-B-2-600x600.jpg 600w, https:\/\/www.tmcrack.vn\/vn\/wp-content\/uploads\/2018\/12\/20U-\u0110EN-L\u01af\u1edaI-KL-B-2-150x150.jpg 150w, https:\/\/www.tmcrack.vn\/vn\/wp-content\/uploads\/2018\/12\/20U-\u0110EN-L\u01af\u1edaI-KL-B-2-768x768.jpg 768w, https:\/\/www.tmcrack.vn\/vn\/wp-content\/uploads\/2018\/12\/20U-\u0110EN-L\u01af\u1edaI-KL-B-2-1024x1024.jpg 1024w, https:\/\/www.tmcrack.vn\/vn\/wp-content\/uploads\/2018\/12\/20U-\u0110EN-L\u01af\u1edaI-KL-B-2-180x180.jpg 180w\" sizes=\"(max-width: 1500px) 100vw, 1500px\" \/><\/p>\n<p>&nbsp;<\/p>\n<p>&nbsp;<\/p>\n<p>&nbsp;<\/p>\n<p>&nbsp;<\/p>\n<p>&nbsp;<\/p>\n<p><em><strong>Hotline T\u1ee7 m\u1ea1ng Tmcrack<\/strong>: 0944 422 422<\/em><\/p>\n<blockquote class=\"wp-embedded-content\" data-secret=\"PQwkW3WUqY\"><p><a href=\"https:\/\/www.tmcrack.vn\/vn\/tu-mang\/tu-mang-20u-sau-d600-den-cua-luoi\/\">T\u1ee7 m\u1ea1ng 20U S\u00e2u D600 \u2013 TMC RACK 19\u2019\u2019 &#8211; M\u00e3 s\u1ea3n ph\u1ea9m: TM206BN-B<\/a><\/p><\/blockquote>\n<p><iframe class=\"wp-embedded-content\" sandbox=\"allow-scripts\" security=\"restricted\" style=\"position: absolute; clip: rect(1px, 1px, 1px, 1px);\" title=\"&#8220;T\u1ee7 m\u1ea1ng 20U S\u00e2u D600 \u2013 TMC RACK 19\u2019\u2019 &#8211; M\u00e3 s\u1ea3n ph\u1ea9m: TM206BN-B&#8221; &#8212; TMC Rack\" src=\"https:\/\/www.tmcrack.vn\/vn\/tu-mang\/tu-mang-20u-sau-d600-den-cua-luoi\/embed\/#?secret=5ttSkXkK0N#?secret=PQwkW3WUqY\" data-secret=\"PQwkW3WUqY\" width=\"600\" height=\"338\" frameborder=\"0\" marginwidth=\"0\" marginheight=\"0\" scrolling=\"no\"><\/iframe><\/p>\n","protected":false},"excerpt":{"rendered":"<p><span style=\"font-size: 16px; color: #ff0000;\">Gi\u00e1 tr\u00ean ch\u01b0a bao g\u1ed3m VAT<\/span><br \/>\n<span style=\"font-size: 16px; color: #ff0000;\">Vui L\u00f2ng Li\u00ean H\u1ec7 \u0110\u1ec3 \u0110\u01b0\u1ee3c Gi\u00e1 T\u1ed1t<\/span><\/p>\n","protected":false},"featured_media":2065,"comment_status":"open","ping_status":"closed","template":"","meta":[],"product_cat":[218],"product_tag":[],"_links":{"self":[{"href":"https:\/\/www.tmcrack.vn\/vn\/wp-json\/wp\/v2\/product\/2063"}],"collection":[{"href":"https:\/\/www.tmcrack.vn\/vn\/wp-json\/wp\/v2\/product"}],"about":[{"href":"https:\/\/www.tmcrack.vn\/vn\/wp-json\/wp\/v2\/types\/product"}],"replies":[{"embeddable":true,"href":"https:\/\/www.tmcrack.vn\/vn\/wp-json\/wp\/v2\/comments?post=2063"}],"wp:featuredmedia":[{"embeddable":true,"href":"https:\/\/www.tmcrack.vn\/vn\/wp-json\/wp\/v2\/media\/2065"}],"wp:attachment":[{"href":"https:\/\/www.tmcrack.vn\/vn\/wp-json\/wp\/v2\/media?parent=2063"}],"wp:term":[{"taxonomy":"product_cat","embeddable":true,"href":"https:\/\/www.tmcrack.vn\/vn\/wp-json\/wp\/v2\/product_cat?post=2063"},{"taxonomy":"product_tag","embeddable":true,"href":"https:\/\/www.tmcrack.vn\/vn\/wp-json\/wp\/v2\/product_tag?post=2063"}],"curies":[{"name":"wp","href":"https:\/\/api.w.org\/{rel}","templated":true}]}}