{"id":442,"date":"2017-07-19T22:06:55","date_gmt":"2017-07-19T15:06:55","guid":{"rendered":"https:\/\/www.tmcrack.vn\/vn\/?post_type=product&#038;p=442"},"modified":"2026-04-09T08:20:56","modified_gmt":"2026-04-09T01:20:56","slug":"tu-mang-6u-treo-tuong-d400-cua-luoi-mau-trang","status":"publish","type":"product","link":"https:\/\/www.tmcrack.vn\/vn\/tu-mang\/tu-mang-6u-treo-tuong-d400-cua-luoi-mau-trang\/","title":{"rendered":"T\u1ee7 M\u1ea1ng 6U Treo T\u01b0\u1eddng D400, C\u1eeda L\u01b0\u1edbi, M\u00e0u Ghi- TMC Rack 19&#8221; &#8211; M\u00e3 s\u1ea3n ph\u1ea9m: TM640WGN-B"},"content":{"rendered":"<h1><span style=\"font-size: 13px\">\u0110\u1eb7c tr\u01b0ng n\u1ed5i b\u1eadt t\u1ee7 m\u1ea1ng 6U treo t\u01b0\u1eddng D400, m\u00e0u ghi c\u1eeda l\u01b0\u1edbi<\/span><\/h1>\n<h2><span style=\"font-size: 13px\">K\u1ebft c\u1ea5u t\u1ee7 m\u1ea1ng 6U treo t\u01b0\u1eddng d\u1ea1ng t\u1ee7 \u0111\u1ee9ng<\/span><\/h2>\n<ul>\n<li>1U = 1,75 inch = 4.45cm<\/li>\n<li>K\u00edch th\u01b0\u1edbc \u00a0 : Cao 350* R\u1ed9ng 550 * S\u00e2u 400 (mm)<\/li>\n<li>M\u00e0u s\u1eafc: Ghi<\/li>\n<li><span style=\"font-size: 13px\">Th\u00e2n <strong>t\u1ee7 m\u1ea1ng 6U treo t\u01b0\u1eddng \u0111<\/strong><\/span><span style=\"font-size: 13px\">\u01b0\u1ee3c thi\u1ebft k\u1ebf \u0111\u1ea1t chu\u1ea9n <em><strong>rack 19 inch<\/strong><\/em> d\u1ea1ng khung c\u00f3 k\u1ebft c\u1ea7u h\u00e0n li\u1ec1n ch\u1eafc ch\u1eafn, ch\u1ecbu t\u1ea3i tr\u1ecdng cao \u0111\u1ea3m b\u1ea3o cho c\u00e1c thi\u1ebft b\u1ecb m\u1ea1ng b\u00ean trong v\u1eadn h\u00e0nh t\u1ed1t.<\/span><\/li>\n<li><span style=\"font-size: 13px\"><strong>V\u1edbi k\u00edch th\u01b0\u1edbc nh\u1ecf g\u1ecdn ti\u1ec7n l\u1ee3i t\u1ee7 m\u1ea1ng 6U<\/strong> \u0111\u01b0\u1ee3c d\u00f9ng \u0111\u1ec3 treo t\u01b0\u1eddng, s\u1ea3n xu\u1ea5t b\u1eb1ng th\u00e9p t\u1ea5m d\u00e0y 1mm \u2013 1.8mm \u0111\u01b0\u1ee3c ph\u1ee7 s\u01a1n t\u0129nh \u0111i\u1ec7n \u0111\u1ea3m b\u1ea3o \u0111\u1ed9 b\u1ec1n v\u1eefng v\u00e0 t\u00ednh ch\u1ed1ng g\u1ec9.<\/span><\/li>\n<li><span style=\"font-size: 13px\"><em><strong>C\u1eeda tr\u01b0\u1edbc c\u1ee7a t\u1ee7 m\u1ea1ng 6U<\/strong><\/em> treo t\u01b0\u1eddng c\u00f3 1 b\u1ed9 \u00a0kho\u00e1 tr\u00f2n v\u00e0 <strong><em>c\u1eeda l\u01b0\u1edbi<\/em><\/strong> th\u00f4ng tho\u00e1ng \u0111\u1ec3 h\u1ed7 tr\u1ee3 s\u1ef1 l\u01b0u th\u00f4ng kh\u00f4ng kh\u00ed, l\u00e0m m\u00e1t cho c\u00e1c thi\u1ebft b\u1ecb m\u1ea1ng \u1edf b\u00ean trong t\u1ee7 m\u1ea1ng<\/span><\/li>\n<li><span style=\"font-size: 13px\">C\u00f9ng v\u1edbi thi\u1ebft k\u1ebf t\u1ee7 rack kh\u00e1 linh ho\u1ea1t t\u1eeb TMC Rack v\u1edbi\u00a0L\u1ed7 Ch\u1edd \u0111i d\u00e2y thi\u1ebft k\u1ebf tinh t\u1ebf v\u00e0 thu\u1eadn ti\u1ec7n v\u1edbi<strong><em> 2 l\u1ed7 tr\u00ean n\u00f3c v\u00e0 2 l\u1ed7 d\u01b0\u1edbi \u0111\u00e1y t\u1ee7 m\u1ea1ng 6u<\/em><\/strong>, h\u1ea1n ch\u1ebf t\u1ed1i \u0111a s\u1ef1 x\u00e2m nh\u1eadp c\u1ee7a c\u00f4n tr\u00f9ng.<\/span><\/li>\n<li><span style=\"font-size: 13px\">Ti\u00eau chu\u1ea9n: T\u01b0\u01a1ng th\u00edch c\u00e1c thi\u1ebft b\u1ecb ti\u00eau chu\u1ea9n 19\u201d EIA-310-D<\/span><\/li>\n<\/ul>\n<h3><span style=\"font-size: 13px\">Ph\u1ee5 ki\u1ec7n t\u1ee7 m\u1ea1ng 6u \u0111i k\u00e8m bao g\u1ed3m:<\/span><\/h3>\n<ul>\n<li><span style=\"font-size: 13px\">1 b\u1ed9 kh\u00f3a tr\u00f2n b\u1ea3o \u0111\u1ea3m an to\u00e0n cho c\u00e1c ph\u1ee5 ki\u1ec7n b\u00ean trong<\/span><\/li>\n<li><span style=\"font-size: 13px\">1 qu\u1ea1t gi\u00f3 t\u1ea3n nhi\u1ec7t t\u1ee7 m\u1ea1ng \u0111\u01b0\u1ee3c g\u1eafn \u1edf ph\u00eda tr\u00ean t\u1ee7 m\u1ea1ng<\/span><\/li>\n<li><span style=\"font-size: 13px\">1 thanh ngu\u1ed3n 3 ch\u1ea5u \u0111a n\u0103ng<\/span><\/li>\n<li><span style=\"font-size: 13px\">8 b\u1ed9 \u1ed1c rack<\/span><\/li>\n<\/ul>\n<p>&nbsp;<\/p>\n<p>&nbsp;<\/p>\n<p>&nbsp;<\/p>\n<p style=\"text-align: center\"><em><strong>B\u00ean trong t\u1ee7 m\u1ea1ng 6u treo t\u01b0\u1eddng d400, c\u1eeda l\u01b0\u1edbi, m\u00e0u ghi &#8211; TMC Rack 19&#8221;<\/strong><\/em><\/p>\n<p>&nbsp;<\/p>\n<p>&nbsp;<\/p>\n<p style=\"text-align: center\"><strong><em>B\u00ean trong t\u1ee7 m\u1ea1ng 6u treo t\u01b0\u1eddng d400, c\u1eeda mica, m\u00e0u ghi &#8211; TMC Rack 19&#8221;<\/em><\/strong><\/p>\n<p>&nbsp;<\/p>\n<p style=\"text-align: center\"><em><strong>B\u00ean trong t\u1ee7 m\u1ea1ng 6u treo t\u01b0\u1eddng d400, c\u1eeda l\u01b0\u1edbi, m\u00e0u \u0111en- TMC Rack 19&#8221;<\/strong><\/em><\/p>\n<p>&nbsp;<\/p>\n<p>&nbsp;<\/p>\n<p style=\"text-align: center\"><strong><em>B\u00ean trong t\u1ee7 m\u1ea1ng 6u treo t\u01b0\u1eddng d400, c\u1eeda ki\u1ebfng, m\u00e0u \u0111en<\/em><\/strong><strong><em>\u00a0&#8211; TMC Rack 19&#8221;<\/em><\/strong><\/p>\n<p><span style=\"font-size: 13px\">Qu\u00fd kh\u00e1ch h\u00e0ng c\u00f3 th\u1ec3 tham kh\u1ea3o th\u00eam c\u00e1c thi\u1ebft k\u1ebf t\u1ee7 m\u1ea1ng 6u treo t\u01b0\u1eddng b\u00ean d\u01b0\u1edbi:<\/span><\/p>\n<ul>\n<li><span style=\"font-size: 13px\"><a href=\"https:\/\/www.tmcrack.vn\/vn\/tu-mang\/tu-mang-6u-d400-cua-luoi-mau-den\/\">T\u1ee7 M\u1ea1ng 6U treo t\u01b0\u1eddng s\u00e2u D400, M\u00e0u \u0111en, C\u1eeda l\u01b0\u1edbi &#8211; TMC Rack 19 inch<\/a><\/span><\/li>\n<li><span style=\"font-size: 13px\"><a href=\"https:\/\/www.tmcrack.vn\/vn\/tu-mang\/tu-mang-6u-d400-cua-mica-mau-den\/\">T\u1ee7 M\u1ea1ng 6U treo t\u01b0\u1eddng s\u00e2u D400, M\u00e0u \u0111en, C\u1eeda mica- TMC Rack 19 inch<\/a><\/span><\/li>\n<li><span style=\"font-size: 13px\"><a href=\"https:\/\/www.tmcrack.vn\/vn\/tu-mang\/tu-mang-6u-d400-cua-luoi-mau-trang\/\">T\u1ee7 M\u1ea1ng 6U treo t\u01b0\u1eddng s\u00e2u D400, M\u00e0u tr\u1eafng, C\u1eeda l\u01b0\u1edbi &#8211; TMC Rack 19 inch<\/a><\/span><\/li>\n<li><span style=\"font-size: 13px\"><a href=\"https:\/\/www.tmcrack.vn\/vn\/tu-mang\/tu-mang-6u-d400-cua-mica-mau-trang\/\">T\u1ee7 M\u1ea1ng 6U treo t\u01b0\u1eddng s\u00e2u D400, M\u00e0u tr\u1eafng, C\u1eeda mica &#8211; TMC Rack 19 inch<\/a><\/span><\/li>\n<\/ul>\n<h4>T\u1ee7 m\u1ea1ng 6U \u0111\u01b0\u1ee3c <strong>TMC Rack<\/strong> s\u1ea3n xu\u1ea5t v\u00e0 ph\u00e2n ph\u1ed1i v\u1edbi mong mu\u1ed1n mang \u0111\u1ebfn s\u1ef1 thu\u1eadn ti\u1ec7n t\u1ed1i \u01b0u cho Qu\u00fd kh\u00e1ch h\u00e0ng trong vi\u1ec7c qu\u1ea3n l\u00fd c\u00e1c thi\u1ebft b\u1ecb m\u1ea1ng an to\u00e0n, linh ho\u1ea1t v\u00e0 \u01b0u vi\u1ec7t nh\u1ea5t.<\/h4>\n<p><strong>T\u1ee7 M\u1ea1ng Treo T\u01b0\u1eddng 6U -T\u1ee7 M\u1ea1ng 6U- T\u1ee7 TMC 6U &#8211; T\u1ee7 Rack 6U &#8211; T\u1ee7 Server 6U<\/strong><\/p>\n","protected":false},"excerpt":{"rendered":"<p><span style=\"font-size: 16px;color: #ff0000\">Gi\u00e1 tr\u00ean ch\u01b0a bao g\u1ed3m VAT<\/span><br \/>\n<span style=\"font-size: 16px;color: #ff0000\">Vui L\u00f2ng Li\u00ean H\u1ec7 \u0110\u1ec3 \u0110\u01b0\u1ee3c Gi\u00e1 T\u1ed1t<\/span><br \/>\nT\u1ee7 M\u1ea1ng 6U Treo T\u01b0\u1eddng D400, C\u1eeda L\u01b0\u1edbi, M\u00e0u tr\u1eafng &#8211; TMC Rack 19&#8221; \u0111\u01b0\u1ee3c thi\u1ebft k\u1ebf \u0111\u1ea1t chu\u1ea9n rack 19 inch d\u1ea1ng khung c\u00f3 k\u1ebft c\u1ea7u h\u00e0n li\u1ec1n ch\u1ecbu t\u1ea3i cao | tmcrack.vn<\/p>\n","protected":false},"featured_media":1584,"comment_status":"open","ping_status":"closed","template":"","meta":[],"product_cat":[15,179],"product_tag":[74,78,81,188,183,92,185,187,184,75],"_links":{"self":[{"href":"https:\/\/www.tmcrack.vn\/vn\/wp-json\/wp\/v2\/product\/442"}],"collection":[{"href":"https:\/\/www.tmcrack.vn\/vn\/wp-json\/wp\/v2\/product"}],"about":[{"href":"https:\/\/www.tmcrack.vn\/vn\/wp-json\/wp\/v2\/types\/product"}],"replies":[{"embeddable":true,"href":"https:\/\/www.tmcrack.vn\/vn\/wp-json\/wp\/v2\/comments?post=442"}],"wp:featuredmedia":[{"embeddable":true,"href":"https:\/\/www.tmcrack.vn\/vn\/wp-json\/wp\/v2\/media\/1584"}],"wp:attachment":[{"href":"https:\/\/www.tmcrack.vn\/vn\/wp-json\/wp\/v2\/media?parent=442"}],"wp:term":[{"taxonomy":"product_cat","embeddable":true,"href":"https:\/\/www.tmcrack.vn\/vn\/wp-json\/wp\/v2\/product_cat?post=442"},{"taxonomy":"product_tag","embeddable":true,"href":"https:\/\/www.tmcrack.vn\/vn\/wp-json\/wp\/v2\/product_tag?post=442"}],"curies":[{"name":"wp","href":"https:\/\/api.w.org\/{rel}","templated":true}]}}