{"id":486,"date":"2017-07-19T23:31:47","date_gmt":"2017-07-19T16:31:47","guid":{"rendered":"https:\/\/www.tmcrack.vn\/vn\/?post_type=product&#038;p=486"},"modified":"2024-11-08T22:23:07","modified_gmt":"2024-11-08T15:23:07","slug":"tu-mang-9u-treo-tuong-d450-cua-luoi-mau-trang","status":"publish","type":"product","link":"https:\/\/www.tmcrack.vn\/vn\/tu-mang\/tu-mang-9u-treo-tuong-d450-cua-luoi-mau-trang\/","title":{"rendered":"T\u1ee7 M\u1ea1ng 9U Treo T\u01b0\u1eddng D450 C\u1eeda L\u01b0\u1edbi, M\u00e0u Ghi-TMC Rack 19&#8221; &#8211; M\u00e3 s\u1ea3n ph\u1ea9m: TM945WGN-B"},"content":{"rendered":"<p class=\"p1\"><em><strong>T\u1ee7 M\u1ea1ng Treo T\u01b0\u1eddng 9U -T\u1ee7 M\u1ea1ng 9U- T\u1ee7 TMC 9U &#8211; T\u1ee7 Rack 9U &#8211; T\u1ee7 Server 9U<\/strong><\/em><\/p>\n<h1><span style=\"font-size: 14px\">\u0110\u1eb7c tr\u01b0ng n\u1ed5i b\u1eadt t\u1ee7 m\u1ea1ng 9U treo t\u01b0\u1eddng D450, c\u1eeda l\u01b0\u1edbi, m\u00e0u ghi<\/span><\/h1>\n<ul>\n<li style=\"list-style-type: none\">\n<ul>\n<li>K\u1ebft c\u1ea5u t\u1ee7 m\u1ea1ng 9U treo t\u01b0\u1eddng d\u1ea1ng t\u1ee7 \u0111\u1ee9ng<\/li>\n<li>H480 x W550 x D450 ( Cao \u2013 R\u1ed9ng \u2013 S\u00e2u ).<\/li>\n<li>1U = 1,75 inch = 4.45cm<\/li>\n<li>M\u00e0u s\u1eafc: Ghi<\/li>\n<li><strong>T\u1ee7 m\u1ea1ng 9U<\/strong> \u0111\u01b0\u1ee3c s\u01a1n t\u0129nh \u0111i\u1ec7n \u0111\u1ea3m b\u1ea3o \u0111\u1ed9 b\u1ec1n v\u00e0 th\u1ea9m m\u1ef9 cao.<\/li>\n<li>\u0110\u1ed9 d\u00e0y th\u00e9p: To\u00e0n b\u1ed9 t\u1ee7 m\u1ea1ng d\u00e0y 1mm &#8211; 1.8mm<\/li>\n<li>Quy c\u00e1ch: <a href=\"https:\/\/www.tmcrack.vn\/vn\/san-pham\/wall-mount-rack\/\">t\u1ee7 m\u1ea1ng treo t\u01b0\u1eddng<\/a><\/li>\n<li>Th\u00e2n <strong>t\u1ee7 m\u1ea1ng 9u<\/strong> \u0111\u01b0\u1ee3c thi\u1ebft k\u1ebf d\u1ea1ng khung c\u00f3 k\u1ebft c\u1ea7u h\u00e0n li\u1ec1n ch\u1ecbu t\u1ea3i cao<\/li>\n<li>T\u1ee7 m\u1ea1ng 9U t\u1eeb TMC Rack \u0111\u01b0\u1ee3c thi\u1ebft k\u1ebf n\u1ed5i tr\u1ed9i v\u1edbi m\u1eb7t sau d\u1ea1ng l\u01b0\u1edbi \u0111\u1ea3m b\u1ea3o th\u00f4ng tho\u00e1ng thi\u1ebft b\u1ecb b\u00ean trong.<\/li>\n<li>C\u1eeda tr\u01b0\u1edbc t\u1ee7 m\u1ea1ng<em><strong>\u00a0T\u1ee7 m\u1ea1ng 9U c\u1eeda l\u01b0\u1edbi\u00a0\u00a0<\/strong><\/em><em>quan s\u00e1t \u0111\u01b0\u1ee3c c\u00e1c <\/em>\u00a0thi\u1ebft b\u1ecb b\u00ean trong.<\/li>\n<li>H\u1ec7 th\u1ed1ng l\u00e0m m\u00e1t t\u1ee7 treo t\u01b0\u1eddng 9U g\u1ed3m 1 qu\u1ea1t t\u1ea3n nhi\u1ec7t g\u1eafn n\u00f3c t\u1ee7 v\u00e0 1 khung ch\u1edd khi c\u00f3 nhu c\u1ea7u l\u1eafp th\u00eam qu\u1ea1t<\/li>\n<li>L\u1ed7 ch\u1edd \u0111i d\u00e2y \u0111\u01b0\u1ee3c TMC Rack thi\u1ebft k\u1ebf t\u1ee7 rack kh\u00e1 tinh t\u1ebf v\u1edbi mong mu\u1ed1n mang \u0111\u1ebfn s\u1ef1 ti\u1ec7n l\u1ee3i t\u1ed1i \u0111a cho ng\u01b0\u1eddi dung thu\u1eadn ti\u1ec7n v\u1edbi <strong>2 l\u1ed7 tr\u00ean n\u00f3c v\u00e0 2 l\u1ed7 d\u01b0\u1edbi \u0111\u00e1y,<\/strong> h\u1ea1n ch\u1ebf t\u1ed1i \u0111a s\u1ef1 x\u00e2m nh\u1eadp c\u1ee7a c\u00f4n tr\u00f9ng<\/li>\n<li><strong>Ph\u1ee5 ki\u1ec7n \u0111i k\u00e8m t\u1ee7 m\u1ea1ng treo t\u01b0\u1eddng 9U:\u00a0<\/strong>1 b\u1ed9 kh\u00f3a tr\u00f2n b\u1ea3o \u0111\u1ea3m an to\u00e0n cho c\u00e1c ph\u1ee5 ki\u1ec7n b\u00ean trong t\u1ee7 m\u1ea1ng, 1 <a href=\"https:\/\/www.tmcrack.vn\/vn\/tu-rack\/quat-tan-nhiet-tu-mang\/\">qu\u1ea1t gi\u00f3 t\u1ea3n nhi\u1ec7t.<\/a>, 1 thanh ngu\u1ed3n 3 ch\u1ea5u \u0111a n\u0103ng, 12 b\u1ed9 \u1ed1c rack<\/li>\n<li>Ti\u00eau chu\u1ea9n: T\u01b0\u01a1ng th\u00edch c\u00e1c thi\u1ebft b\u1ecb ti\u00eau chu\u1ea9n 19\u201d EIA-310-D<\/li>\n<\/ul>\n<\/li>\n<\/ul>\n<p><img decoding=\"async\" loading=\"lazy\" class=\"alignnone wp-image-1941 size-medium\" src=\"https:\/\/www.tmcrack.vn\/vn\/wp-content\/uploads\/2017\/07\/9u-10u-ghi-300x300.jpg\" alt=\"\" width=\"300\" height=\"300\" srcset=\"https:\/\/www.tmcrack.vn\/vn\/wp-content\/uploads\/2017\/07\/9u-10u-ghi-300x300.jpg 300w, https:\/\/www.tmcrack.vn\/vn\/wp-content\/uploads\/2017\/07\/9u-10u-ghi-150x150.jpg 150w, https:\/\/www.tmcrack.vn\/vn\/wp-content\/uploads\/2017\/07\/9u-10u-ghi-768x768.jpg 768w, https:\/\/www.tmcrack.vn\/vn\/wp-content\/uploads\/2017\/07\/9u-10u-ghi-600x600.jpg 600w, https:\/\/www.tmcrack.vn\/vn\/wp-content\/uploads\/2017\/07\/9u-10u-ghi-100x100.jpg 100w, https:\/\/www.tmcrack.vn\/vn\/wp-content\/uploads\/2017\/07\/9u-10u-ghi.jpg 1000w\" sizes=\"(max-width: 300px) 100vw, 300px\" \/><\/p>\n<h3><span style=\"font-size: 14px\">T\u1ee7 m\u1ea1ng 9U \u0111\u01b0\u1ee3c TMC Rack s\u1ea3n xu\u1ea5t v\u00e0 ph\u00e2n ph\u1ed1i v\u1edbi mong mu\u1ed1n mang \u0111\u1ebfn s\u1ef1 thu\u1eadn ti\u1ec7n t\u1ed1i \u01b0u cho Qu\u00fd kh\u00e1ch h\u00e0ng trong vi\u1ec7c qu\u1ea3n l\u00fd c\u00e1c thi\u1ebft b\u1ecb m\u1ea1ng an to\u00e0n, linh ho\u1ea1t v\u00e0 \u01b0u vi\u1ec7t nh\u1ea5t.<\/span><\/h3>\n","protected":false},"excerpt":{"rendered":"<p><span style=\"font-size: 16px;color: #ff0000\">Gi\u00e1 tr\u00ean ch\u01b0a bao g\u1ed3m VAT<\/span><br \/>\n<span style=\"font-size: 16px;color: #ff0000\">Vui L\u00f2ng Li\u00ean H\u1ec7 \u0110\u1ec3 \u0110\u01b0\u1ee3c Gi\u00e1 T\u1ed1t<\/span><br \/>\nT\u1ee7 M\u1ea1ng 9U Treo T\u01b0\u1eddng D450 C\u1eeda L\u01b0\u1edbi, M\u00e0u Tr\u1eafng-TMC Rack 19&#8221; \u0111\u01b0\u1ee3c thi\u1ebft k\u1ebf \u0111\u1ea1t chu\u1ea9n rack 19&#8221; c\u00f3 k\u1ebft c\u1ea5u h\u00e0n li\u1ec1n ch\u1ecbu t\u1ea3i cao|T\u1ee7 TMC 9U &#8211; T\u1ee7 Rack 9U<\/p>\n","protected":false},"featured_media":1941,"comment_status":"open","ping_status":"closed","template":"","meta":[],"product_cat":[15,180],"product_tag":[191,72,83,189,194,88,87],"_links":{"self":[{"href":"https:\/\/www.tmcrack.vn\/vn\/wp-json\/wp\/v2\/product\/486"}],"collection":[{"href":"https:\/\/www.tmcrack.vn\/vn\/wp-json\/wp\/v2\/product"}],"about":[{"href":"https:\/\/www.tmcrack.vn\/vn\/wp-json\/wp\/v2\/types\/product"}],"replies":[{"embeddable":true,"href":"https:\/\/www.tmcrack.vn\/vn\/wp-json\/wp\/v2\/comments?post=486"}],"wp:featuredmedia":[{"embeddable":true,"href":"https:\/\/www.tmcrack.vn\/vn\/wp-json\/wp\/v2\/media\/1941"}],"wp:attachment":[{"href":"https:\/\/www.tmcrack.vn\/vn\/wp-json\/wp\/v2\/media?parent=486"}],"wp:term":[{"taxonomy":"product_cat","embeddable":true,"href":"https:\/\/www.tmcrack.vn\/vn\/wp-json\/wp\/v2\/product_cat?post=486"},{"taxonomy":"product_tag","embeddable":true,"href":"https:\/\/www.tmcrack.vn\/vn\/wp-json\/wp\/v2\/product_tag?post=486"}],"curies":[{"name":"wp","href":"https:\/\/api.w.org\/{rel}","templated":true}]}}