{"id":558,"date":"2017-07-20T21:16:25","date_gmt":"2017-07-20T14:16:25","guid":{"rendered":"https:\/\/www.tmcrack.vn\/vn\/?post_type=product&#038;p=558"},"modified":"2026-04-09T08:39:20","modified_gmt":"2026-04-09T01:39:20","slug":"tu-mang-12u-treo-tuong-d500-cua-mica-mau-trang","status":"publish","type":"product","link":"https:\/\/www.tmcrack.vn\/vn\/tu-mang\/tu-mang-12u-treo-tuong-d500-cua-mica-mau-trang\/","title":{"rendered":"T\u1ee7 M\u1ea1ng 12U Treo T\u01b0\u1eddng D500 C\u1eeda Mica, M\u00e0u Ghi-TMC Rack 19&#8221; &#8211; M\u00e3 s\u1ea3n ph\u1ea9m: TM125WGM-B"},"content":{"rendered":"<h1><span style=\"font-size: 13px\"><strong>T\u1ee7 M\u1ea1ng 12U Treo T\u01b0\u1eddng D500 C\u1eeda Mica, M\u00e0u Ghi- TMC Rack 19&#8221; \u0111\u01b0\u1ee3c thi\u1ebft k\u1ebf \u0111\u1ea1t chu\u1ea9n rack 19&#8221;<\/strong><\/span><\/h1>\n<h2><span style=\"font-size: 13px\"><strong>\u0110\u1eb7c tr\u01b0ng c\u1ee7a t\u1ee7 m\u1ea1ng 12U treo t\u01b0\u1eddng c\u1eeda mica<\/strong><\/span><\/h2>\n<ul>\n<li><span style=\"font-size: 13px\"><a href=\"https:\/\/www.tmcrack.vn\/vn\/tu-mang\/tu-mang-treo-tuong-12u-d500-tmc-rack-19\/\"><strong>T\u1ee7 m\u1ea1ng 12u<\/strong><\/a> \u0111\u01b0\u1ee3c s\u01a1n t\u0129nh \u0111i\u1ec7n \u0111\u1ea3m b\u1ea3o \u0111\u1ed9 b\u1ec1n v\u00e0 th\u1ea9m m\u1ef9 cao<\/span><\/li>\n<li><span style=\"font-size: 13px\"><strong>K\u00edch th\u01b0\u1edbc:<\/strong>\u00a0H620\u00a0 x\u00a0 W550 x\u00a0 D500mm<\/span><\/li>\n<li><span style=\"font-size: 13px\"><strong>\u0110\u1ed9 d\u00e0y th\u00e9p:<\/strong> To\u00e0n b\u1ed9 t\u1ee7 m\u1ea1ng d\u00e0y 1mm &#8211; 1.8mm<\/span><\/li>\n<li><span style=\"font-size: 13px\"><strong>Quy c\u00e1ch:<\/strong> <a href=\"https:\/\/www.tmcrack.vn\/vn\/san-pham\/wall-mount-rack\/\">t\u1ee7 m\u1ea1ng treo t\u01b0\u1eddng<\/a><\/span><\/li>\n<li><span style=\"font-size: 13px\"><strong>T\u01b0\u01a1ng th\u00edch c\u00e1c thi\u1ebft b\u1ecb ti\u00eau chu\u1ea9n 19 inch EIA-310-D<\/strong><\/span><\/li>\n<li><span style=\"font-size: 13px\"><strong>Th\u00e2n t\u1ee7 m\u1ea1ng 12u<\/strong> \u0111\u01b0\u1ee3c thi\u1ebft k\u1ebf d\u1ea1ng khung c\u00f3 k\u1ebft c\u1ea7u h\u00e0n li\u1ec1n ch\u1ecbu t\u1ea3i tr\u1ecdng cao<\/span><\/li>\n<li><span style=\"font-size: 13px\">\u00a0<strong>M\u1eb7t sau t\u1ee7 m\u1ea1ng 12U<\/strong> \u0111\u01b0\u1ee3c thi\u1ebft k\u1ebf v\u1edbi d\u1ea1ng l\u01b0\u1edbi.<\/span><\/li>\n<li><span style=\"font-size: 13px\">M\u1eb7t tr\u01b0\u1edbc t\u1ee7 m\u1ea1ng treo t\u01b0\u1eddng 12U c\u00f3 2 lo\u1ea1i c\u1eeda mica gi\u00fap ng\u01b0\u1eddi d\u00f9ng d\u1ec5 d\u00e0ng quan s\u00e1t c\u00e1c thi\u1ebft b\u1ecb b\u00ean trong<\/span><\/li>\n<li><span style=\"font-size: 13px\">H\u1ec7 th\u1ed1ng l\u00e0m m\u00e1t <strong><em>t\u1ee7 m\u1ea1ng treo t\u01b0\u1eddng 12u s\u00e2u d500<\/em><\/strong> g\u1ed3m 1 qu\u1ea1t g\u1eafn n\u00f3c t\u1ee7 v\u00e0 1 khung ch\u1edd khi c\u00f3 nhu c\u1ea7u l\u1eafp th\u00eam qu\u1ea1t<\/span><\/li>\n<li><span style=\"font-size: 13px\">L\u1ed7 ch\u1edd \u0111i d\u00e2y \u0111\u01b0\u1ee3c <strong>TMC Rack<\/strong> thi\u1ebft k\u1ebf tinh t\u1ebf, thu\u1eadn ti\u1ec7n v\u1edbi <strong>2 l\u1ed7 tr\u00ean n\u00f3c v\u00e0 2 l\u1ed7 d\u01b0\u1edbi \u0111\u00e1y<\/strong>, h\u1ea1n ch\u1ebf t\u1ed1i \u0111a s\u1ef1 x\u00e2m nh\u1eadp c\u1ee7a c\u00f4n tr\u00f9ng<\/span><\/li>\n<li><span style=\"font-size: 13px\"><strong><em>Ph\u1ee5 ki\u1ec7n t\u1ee7 m\u1ea1ng 12u \u0111\u00ednh k\u00e8m bao g\u1ed3m:<\/em><\/strong><\/span><\/li>\n<li><span style=\"font-size: 13px\">1 b\u1ed9 kh\u00f3a tr\u00f2n b\u1ea3o \u0111\u1ea3m an to\u00e0n cho c\u00e1c ph\u1ee5 ki\u1ec7n b\u00ean trong<\/span><\/li>\n<li><span style=\"font-size: 13px\">1 qu\u1ea1t gi\u00f3 t\u1ea3n nhi\u1ec7t \u0111\u01b0\u1ee3c g\u1eafn \u1edf ph\u00eda tr\u00ean t\u1ee7<\/span><\/li>\n<li><span style=\"font-size: 13px\">1 thanh ngu\u1ed3n 3 ch\u1ea5u \u0111a n\u0103ng<\/span><\/li>\n<li><span style=\"font-size: 13px\">12 b\u1ed9 \u1ed1c rack<\/span><\/li>\n<li><span style=\"font-size: 13px\">Ngo\u00e0i ra tu\u1ef3 theo nhu c\u1ea7u s\u1eed d\u1ee5ng t\u1ee7 m\u1ea1ng, m\u00e0 ng\u01b0\u1eddi d\u00f9ng c\u00f3 th\u1ebb ch\u1ecdn th\u00eam <a href=\"https:\/\/www.tmcrack.vn\/vn\/san-pham\/phu-kien\/\">ph\u1ee5 ki\u1ec7n t\u1ee7 m\u1ea1ng\u00a0<\/a>t\u01b0\u01a1ng th\u00edch v\u1edbi t\u1ee7 m\u1ea1ng 12U<\/span><\/li>\n<\/ul>\n<h4 style=\"text-align: center\"><\/h4>\n<p><img decoding=\"async\" loading=\"lazy\" class=\"wp-image-1946  aligncenter\" src=\"https:\/\/www.tmcrack.vn\/vn\/wp-content\/uploads\/2017\/07\/12u-mika-ghi-300x300.jpg\" alt=\"\" width=\"573\" height=\"573\" srcset=\"https:\/\/www.tmcrack.vn\/vn\/wp-content\/uploads\/2017\/07\/12u-mika-ghi-300x300.jpg 300w, https:\/\/www.tmcrack.vn\/vn\/wp-content\/uploads\/2017\/07\/12u-mika-ghi-150x150.jpg 150w, https:\/\/www.tmcrack.vn\/vn\/wp-content\/uploads\/2017\/07\/12u-mika-ghi-768x768.jpg 768w, https:\/\/www.tmcrack.vn\/vn\/wp-content\/uploads\/2017\/07\/12u-mika-ghi-600x600.jpg 600w, https:\/\/www.tmcrack.vn\/vn\/wp-content\/uploads\/2017\/07\/12u-mika-ghi-100x100.jpg 100w, https:\/\/www.tmcrack.vn\/vn\/wp-content\/uploads\/2017\/07\/12u-mika-ghi.jpg 1000w\" sizes=\"(max-width: 573px) 100vw, 573px\" \/><\/p>\n<p style=\"text-align: center\"><span style=\"font-size: 13px\"><em><strong>B\u00ean trong\u00a0T\u1ee7 m\u1ea1ng 12U treo t\u01b0\u1eddng c\u1eeda mica, m\u00e0u ghi | tmcrack.vn<\/strong><\/em><\/span><\/p>\n<h4><span style=\"font-size: 13px\">T\u1ee7 m\u1ea1ng 12U treo t\u01b0\u1eddng c\u1eeda mica chu\u1ea9n rack 19 inch \u0111\u01b0\u1ee3c <strong>TMC Rack<\/strong> s\u1ea3n xu\u1ea5t v\u00e0 ph\u00e2n ph\u1ed1i v\u1edbi mong mu\u1ed1n mang \u0111\u1ebfn s\u1ef1 thu\u1eadn ti\u1ec7n t\u1ed1i \u01b0u cho Qu\u00fd kh\u00e1ch h\u00e0ng trong vi\u1ec7c qu\u1ea3n l\u00fd c\u00e1c thi\u1ebft b\u1ecb m\u1ea1ng an to\u00e0n, linh ho\u1ea1t v\u00e0 \u01b0u vi\u1ec7t nh\u1ea5t.<\/span><\/h4>\n<p><span style=\"font-size: 13px\"><em>T\u1ee7 M\u1ea1ng Treo T\u01b0\u1eddng 12U -T\u1ee7 M\u1ea1ng 12U- T\u1ee7 TMC 12U &#8211; T\u1ee7 Rack 12U &#8211; T\u1ee7 Server 12U<\/em><\/span><\/p>\n<p>&nbsp;<\/p>\n","protected":false},"excerpt":{"rendered":"<p><span style=\"font-size: 12px\"><span style=\"font-size: 16px;color: #ff0000\">Gi\u00e1 tr\u00ean ch\u01b0a bao g\u1ed3m VAT<\/span><br \/>\n<span style=\"font-size: 16px;color: #ff0000\">Vui L\u00f2ng Li\u00ean H\u1ec7 \u0110\u1ec3 \u0110\u01b0\u1ee3c Gi\u00e1 T\u1ed1t<\/span><br \/>\nT\u1ee7 M\u1ea1ng 12U Treo T\u01b0\u1eddng D500 C\u1eeda Mica, M\u00e0u Tr\u1eafng- TMC Rack 19&#8221; \u0111\u01b0\u1ee3c thi\u1ebft k\u1ebf \u0111\u1ea1t chu\u1ea9n rack 19&#8221; d\u1ea1ng khung c\u00f3 k\u1ebft c\u1ea7u h\u00e0n li\u1ec1n ch\u1ecbu t\u1ea3i tr\u1ecdng cao| tmcrack.vn<\/span><\/p>\n","protected":false},"featured_media":1946,"comment_status":"open","ping_status":"closed","template":"","meta":[],"product_cat":[15,182],"product_tag":[102,25,72,98,77,202,93,95,201,96,200,97,92,94],"_links":{"self":[{"href":"https:\/\/www.tmcrack.vn\/vn\/wp-json\/wp\/v2\/product\/558"}],"collection":[{"href":"https:\/\/www.tmcrack.vn\/vn\/wp-json\/wp\/v2\/product"}],"about":[{"href":"https:\/\/www.tmcrack.vn\/vn\/wp-json\/wp\/v2\/types\/product"}],"replies":[{"embeddable":true,"href":"https:\/\/www.tmcrack.vn\/vn\/wp-json\/wp\/v2\/comments?post=558"}],"wp:featuredmedia":[{"embeddable":true,"href":"https:\/\/www.tmcrack.vn\/vn\/wp-json\/wp\/v2\/media\/1946"}],"wp:attachment":[{"href":"https:\/\/www.tmcrack.vn\/vn\/wp-json\/wp\/v2\/media?parent=558"}],"wp:term":[{"taxonomy":"product_cat","embeddable":true,"href":"https:\/\/www.tmcrack.vn\/vn\/wp-json\/wp\/v2\/product_cat?post=558"},{"taxonomy":"product_tag","embeddable":true,"href":"https:\/\/www.tmcrack.vn\/vn\/wp-json\/wp\/v2\/product_tag?post=558"}],"curies":[{"name":"wp","href":"https:\/\/api.w.org\/{rel}","templated":true}]}}